{"id":3827,"date":"2022-01-09T02:40:09","date_gmt":"2022-01-09T02:40:09","guid":{"rendered":"https:\/\/rgturbo.com.co\/index.php\/product\/pantalla-lcd-de-dake-para-ninos-reproductor-de-musica-mp4-para-vehiculo-electrico-para-ninos-modulo-musical\/"},"modified":"2022-01-09T02:40:12","modified_gmt":"2022-01-09T02:40:12","slug":"pantalla-lcd-de-dake-para-ninos-reproductor-de-musica-mp4-para-vehiculo-electrico-para-ninos-modulo-musical","status":"publish","type":"product","link":"https:\/\/rgturbo.com.co\/index.php\/product\/pantalla-lcd-de-dake-para-ninos-reproductor-de-musica-mp4-para-vehiculo-electrico-para-ninos-modulo-musical\/","title":{"rendered":"Pantalla LCD de Dake para ni\u00f1os, reproductor de m\u00fasica Mp4 para veh\u00edculo el\u00e9ctrico para ni\u00f1os, modulo musical"},"content":{"rendered":"<p>Pantalla lcd, modulo musical para carros montables de bateria<\/p>\n<div class=\"product-specs-list-container\">\u00a0<\/div>\n<div class=\"detailmodule_text-image\"><img decoding=\"async\" class=\"detail-desc-decorate-image\" src=\"\/\/ae01.alicdn.com\/kf\/Hc0f1ea52ea5d45978929fee0240e66f1b.jpg\" \/><img decoding=\"async\" class=\"detail-desc-decorate-image\" src=\"\/\/ae01.alicdn.com\/kf\/H643bf1d315654e5a9c3975a27afd69f9W.jpg\" \/><img decoding=\"async\" class=\"detail-desc-decorate-image\" src=\"\/\/ae01.alicdn.com\/kf\/He918b8c8e39e48199d36848798919411d.jpg\" \/><\/div>\n","protected":false},"excerpt":{"rendered":"<p>Pantalla lcd, modulo musical para carros montables de bateria \u00a0<\/p>\n","protected":false},"featured_media":3828,"comment_status":"open","ping_status":"closed","template":"","meta":{"_monsterinsights_skip_tracking":false,"_monsterinsights_sitenote_active":false,"_monsterinsights_sitenote_note":"","_monsterinsights_sitenote_category":0,"_uf_show_specific_survey":0,"_uf_disable_surveys":false},"product_brand":[],"product_cat":[80],"product_tag":[250],"class_list":{"0":"post-3827","1":"product","2":"type-product","3":"status-publish","4":"has-post-thumbnail","6":"product_cat-montables","7":"product_tag-pantalla-lcd-para-carros-de-bateria","9":"first","10":"instock","11":"shipping-taxable","12":"purchasable","13":"product-type-variable"},"_links":{"self":[{"href":"https:\/\/rgturbo.com.co\/index.php\/wp-json\/wp\/v2\/product\/3827","targetHints":{"allow":["GET"]}}],"collection":[{"href":"https:\/\/rgturbo.com.co\/index.php\/wp-json\/wp\/v2\/product"}],"about":[{"href":"https:\/\/rgturbo.com.co\/index.php\/wp-json\/wp\/v2\/types\/product"}],"replies":[{"embeddable":true,"href":"https:\/\/rgturbo.com.co\/index.php\/wp-json\/wp\/v2\/comments?post=3827"}],"wp:featuredmedia":[{"embeddable":true,"href":"https:\/\/rgturbo.com.co\/index.php\/wp-json\/wp\/v2\/media\/3828"}],"wp:attachment":[{"href":"https:\/\/rgturbo.com.co\/index.php\/wp-json\/wp\/v2\/media?parent=3827"}],"wp:term":[{"taxonomy":"product_brand","embeddable":true,"href":"https:\/\/rgturbo.com.co\/index.php\/wp-json\/wp\/v2\/product_brand?post=3827"},{"taxonomy":"product_cat","embeddable":true,"href":"https:\/\/rgturbo.com.co\/index.php\/wp-json\/wp\/v2\/product_cat?post=3827"},{"taxonomy":"product_tag","embeddable":true,"href":"https:\/\/rgturbo.com.co\/index.php\/wp-json\/wp\/v2\/product_tag?post=3827"}],"curies":[{"name":"wp","href":"https:\/\/api.w.org\/{rel}","templated":true}]}}