{"id":3804,"date":"2022-01-09T02:37:34","date_gmt":"2022-01-09T02:37:34","guid":{"rendered":"https:\/\/rgturbo.com.co\/index.php\/product\/cables-y-accesorios-para-coches-electricos-para-ninos-repuestos-para-coche-electrico-para-montaje-de-bricolaje-cables-y-caja-de-cambios-juego-completo\/"},"modified":"2022-01-09T02:37:37","modified_gmt":"2022-01-09T02:37:37","slug":"cables-y-accesorios-para-coches-electricos-para-ninos-repuestos-para-coche-electrico-para-montaje-de-bricolaje-cables-y-caja-de-cambios-juego-completo","status":"publish","type":"product","link":"https:\/\/rgturbo.com.co\/index.php\/product\/cables-y-accesorios-para-coches-electricos-para-ninos-repuestos-para-coche-electrico-para-montaje-de-bricolaje-cables-y-caja-de-cambios-juego-completo\/","title":{"rendered":"Cables y accesorios para coches el\u00e9ctricos para ni\u00f1os, repuestos para coche el\u00e9ctrico para montaje de bricolaje, cables y caja de cambios, juego completo"},"content":{"rendered":"<div class=\"detailmodule_html\">\n<div class=\"detail-desc-decorate-richtext\">\n<p><span style=\"font-size: 28px;\"><strong><span style=\"color: #ff0000;\">Juego completo de accesorios modificados para coche el\u00e9ctrico para ni\u00f1os, solo necesita preparar la bater\u00eda.<\/span><\/strong><\/span><\/p>\n<p><span style=\"font-size: 28px;\"><strong><span style=\"color: #00b050;\">El control remoto Bluetooth tiene una funci\u00f3n de inicio lento<\/span><\/strong><\/span><\/p>\n<p><img decoding=\"async\" src=\"https:\/\/ae01.alicdn.com\/kf\/H76897d9d34514cd5ad16e11a7fc933426.jpg\" \/><img decoding=\"async\" src=\"https:\/\/ae01.alicdn.com\/kf\/H90bfe8770de140dba46818462214d360M.jpg\" \/><img decoding=\"async\" src=\"https:\/\/ae01.alicdn.com\/kf\/H348780d6efdf4b628c3699b87e32f3d72.jpg\" \/><img decoding=\"async\" src=\"https:\/\/ae01.alicdn.com\/kf\/H9f70a1b52479483ea2f04a140f83bac0g.jpg\" \/><img decoding=\"async\" src=\"https:\/\/ae01.alicdn.com\/kf\/Hed23f5243da94443b250abcbfce66f07n.jpg\" \/><img decoding=\"async\" src=\"https:\/\/ae01.alicdn.com\/kf\/H64ffa7df912a41a2a56c4c869d8745a79.jpg\" \/><img decoding=\"async\" src=\"https:\/\/ae01.alicdn.com\/kf\/HTB1hUjAeCWD3KVjSZSgq6ACxVXab.jpg\" \/><img decoding=\"async\" src=\"https:\/\/ae01.alicdn.com\/kf\/HTB1TBnwevWG3KVjSZPcq6zkbXXaq.jpg\" \/><img decoding=\"async\" src=\"https:\/\/ae01.alicdn.com\/kf\/HTB1rvfxeBiE3KVjSZFMq6zQhVXa8.jpg\" \/><img decoding=\"async\" src=\"https:\/\/ae01.alicdn.com\/kf\/HTB1Zk2DeBGw3KVjSZFDq6xWEpXaf.jpg\" \/><\/p>\n<\/div>\n<\/div>\n","protected":false},"excerpt":{"rendered":"<p>Juego completo de accesorios modificados para coche el\u00e9ctrico para ni\u00f1os, solo necesita preparar la bater\u00eda. El control remoto Bluetooth tiene una funci\u00f3n de inicio lento<\/p>\n","protected":false},"featured_media":3805,"comment_status":"open","ping_status":"closed","template":"","meta":{"_monsterinsights_skip_tracking":false,"_monsterinsights_sitenote_active":false,"_monsterinsights_sitenote_note":"","_monsterinsights_sitenote_category":0,"_uf_show_specific_survey":0,"_uf_disable_surveys":false},"product_brand":[],"product_cat":[80],"product_tag":[248],"class_list":{"0":"post-3804","1":"product","2":"type-product","3":"status-publish","4":"has-post-thumbnail","6":"product_cat-montables","7":"product_tag-kit-electrico-para-carros-montables","9":"first","10":"instock","11":"shipping-taxable","12":"purchasable","13":"product-type-variable"},"_links":{"self":[{"href":"https:\/\/rgturbo.com.co\/index.php\/wp-json\/wp\/v2\/product\/3804","targetHints":{"allow":["GET"]}}],"collection":[{"href":"https:\/\/rgturbo.com.co\/index.php\/wp-json\/wp\/v2\/product"}],"about":[{"href":"https:\/\/rgturbo.com.co\/index.php\/wp-json\/wp\/v2\/types\/product"}],"replies":[{"embeddable":true,"href":"https:\/\/rgturbo.com.co\/index.php\/wp-json\/wp\/v2\/comments?post=3804"}],"wp:featuredmedia":[{"embeddable":true,"href":"https:\/\/rgturbo.com.co\/index.php\/wp-json\/wp\/v2\/media\/3805"}],"wp:attachment":[{"href":"https:\/\/rgturbo.com.co\/index.php\/wp-json\/wp\/v2\/media?parent=3804"}],"wp:term":[{"taxonomy":"product_brand","embeddable":true,"href":"https:\/\/rgturbo.com.co\/index.php\/wp-json\/wp\/v2\/product_brand?post=3804"},{"taxonomy":"product_cat","embeddable":true,"href":"https:\/\/rgturbo.com.co\/index.php\/wp-json\/wp\/v2\/product_cat?post=3804"},{"taxonomy":"product_tag","embeddable":true,"href":"https:\/\/rgturbo.com.co\/index.php\/wp-json\/wp\/v2\/product_tag?post=3804"}],"curies":[{"name":"wp","href":"https:\/\/api.w.org\/{rel}","templated":true}]}}