{"id":3797,"date":"2022-01-09T02:36:00","date_gmt":"2022-01-09T02:36:00","guid":{"rendered":"https:\/\/rgturbo.com.co\/index.php\/product\/cargador-de-carga-inteligente-para-ninos-adaptador-de-6-v-ca-1a-para-coches-motocicletas-juguete-6-voltios-1-ud\/"},"modified":"2022-05-17T02:02:01","modified_gmt":"2022-05-17T02:02:01","slug":"cargador-de-carga-inteligente-para-ninos-adaptador-de-6-v-ca-1a-para-coches-motocicletas-juguete-6-voltios-1-ud","status":"publish","type":"product","link":"https:\/\/rgturbo.com.co\/index.php\/product\/cargador-de-carga-inteligente-para-ninos-adaptador-de-6-v-ca-1a-para-coches-motocicletas-juguete-6-voltios-1-ud\/","title":{"rendered":"Cargador de Carga inteligente para ni\u00f1os, adaptador de 6 V, CA, 1A, para coches, motocicletas, juguete, 6 Voltios, 1 ud."},"content":{"rendered":"<p>Cargador adaptador de 6v para carros montables a bateria, cargador para autos de ni\u00f1os y ni\u00f1as<\/p>\n<div class=\"product-specs-list-container\">\u00a0<\/div>\n<div class=\"detailmodule_html\">\n<div class=\"detail-desc-decorate-richtext\">\n<div class=\"detailmodule_html\">\n<div class=\"detail-desc-decorate-richtext\">\n<p>\u00a0<\/p>\n<p>\u00a0<\/p>\n<table style=\"border-collapse: collapse; width: 100%;\" border=\"0\" width=\"100%\" cellspacing=\"0\" cellpadding=\"0\">\n<tbody>\n<tr>\n<td>\n<p><span style=\"font-size: 16px;\"><span style=\"font-family: arial, helvetica, sans-serif;\"><strong>Especificaciones:<\/strong><\/span><\/span><span style=\"font-size: 16px;\"><span style=\"font-family: arial, helvetica, sans-serif;\"><br \/>Voltaje de entrada: ca 100V-240V<br \/>Frecuencia de entrada: 50-60Hz<br \/>Voltaje de salida: DC6V<br \/>Corriente de salida: 1a<br \/>Precisi\u00f3n del voltaje: + 5% (carga completa)<br \/>Tama\u00f1o: 72mm * 40mm * 28mm(L * W * H)<br \/>Se adapta a ni\u00f1os montando en coches y motocicletas de juguete de 6 voltios<\/p>\n<p><\/span><\/span><span style=\"font-size: 16px;\"><span style=\"font-family: arial, helvetica, sans-serif;\"><strong>Caracter\u00edsticas:<\/strong><\/span><\/span><span style=\"font-size: 16px;\"><span style=\"font-family: arial, helvetica, sans-serif;\"><br \/>100% nuevo y de alta calidad<br \/>Alta eficiencia y bajo consumo energ\u00e9tico<br \/>Construido fuerte para un rendimiento de uso prolongado y pesado<br \/>Protecci\u00f3n inteligente contra sobretensiones para protecci\u00f3n contra sobretensiones, temperaturas y cortocircuitos<br \/>C\u00f3modo de usar<\/p>\n<p><\/span><\/span><span style=\"font-size: 16px;\"><span style=\"font-family: arial, helvetica, sans-serif;\"><strong>Nota:<\/strong><\/span><\/span><span style=\"font-size: 16px;\"><span style=\"font-family: arial, helvetica, sans-serif;\"><br \/>Aseg\u00farate de que la salida y el tama\u00f1o de la punta de la potencia del cargador del adaptador sean acordes antes de pujar.<\/p>\n<p><\/span><\/span><span style=\"font-size: 16px;\"><span style=\"font-family: arial, helvetica, sans-serif;\"><strong>El paquete incluye:<\/strong><\/span><\/span><span style=\"font-size: 16px;\"><span style=\"font-family: arial, helvetica, sans-serif;\"><br \/>1 x adaptador de CA<\/span><\/span><\/p>\n<\/td>\n<\/tr>\n<\/tbody>\n<\/table>\n<p>\u00a0<\/p>\n<p style=\"text-align: center;\" align=\"center\"><img decoding=\"async\" style=\"display: inline-block;\" src=\"https:\/\/ae01.alicdn.com\/kf\/HTB1EjqqbiLrK1Rjy1zdq6ynnpXa9.jpg\" \/><img decoding=\"async\" style=\"display: inline-block;\" src=\"https:\/\/ae01.alicdn.com\/kf\/HTB1.71pbnHuK1RkSndVq6xVwpXaL.jpg\" \/><img decoding=\"async\" style=\"display: inline-block;\" src=\"https:\/\/ae01.alicdn.com\/kf\/HTB1oVOobjzuK1RjSspeq6ziHVXag.jpg\" \/><\/p>\n<p>\u00a0<\/p>\n<p>\u00a0<\/p>\n<table style=\"border-collapse: collapse; width: 100%;\" border=\"0\" width=\"100%\" cellspacing=\"0\" cellpadding=\"0\">\n<tbody>\n<tr>\n<td>\n<p><span style=\"font-size: 16px;\">Tenga en cuenta que los compradores son responsables de todas las tarifas adicionales, gastos de corretaje, y es para la importaci\u00f3n a su pa\u00eds. Estas tarifas adicionales se pueden cobrar en el momento de la entrega. No reembolsaremos los gastos de env\u00edo de los env\u00edos rechazados.<\/span><\/p>\n<\/td>\n<\/tr>\n<\/tbody>\n<\/table>\n<p>\u00a0<\/p>\n<\/div>\n<\/div>\n<p>\u00a0<\/p>\n<\/div>\n<\/div>\n","protected":false},"excerpt":{"rendered":"<p>Cargador adaptador de 6v para carros montables a bateria, cargador para autos de ni\u00f1os y ni\u00f1as \u00a0 \u00a0 \u00a0 Especificaciones:Voltaje de entrada: ca 100V-240VFrecuencia de entrada: 50-60HzVoltaje de salida: DC6VCorriente de salida: 1aPrecisi\u00f3n del voltaje: + 5% (carga completa)Tama\u00f1o: 72mm * 40mm * 28mm(L * W * H)Se adapta a ni\u00f1os montando en coches y &hellip; <\/p>\n<p class=\"link-more\"><a href=\"https:\/\/rgturbo.com.co\/index.php\/product\/cargador-de-carga-inteligente-para-ninos-adaptador-de-6-v-ca-1a-para-coches-motocicletas-juguete-6-voltios-1-ud\/\" class=\"more-link\">Continue reading<span class=\"screen-reader-text\"> \u00abCargador de Carga inteligente para ni\u00f1os, adaptador de 6 V, CA, 1A, para coches, motocicletas, juguete, 6 Voltios, 1 ud.\u00bb<\/span><\/a><\/p>\n","protected":false},"featured_media":3798,"comment_status":"open","ping_status":"closed","template":"","meta":{"_monsterinsights_skip_tracking":false,"_monsterinsights_sitenote_active":false,"_monsterinsights_sitenote_note":"","_monsterinsights_sitenote_category":0,"_uf_show_specific_survey":0,"_uf_disable_surveys":false},"product_brand":[],"product_cat":[80],"product_tag":[239,197,198],"class_list":{"0":"post-3797","1":"product","2":"type-product","3":"status-publish","4":"has-post-thumbnail","6":"product_cat-montables","7":"product_tag-adaptador-de-6-voltios","8":"product_tag-cargador-de-bateria","9":"product_tag-cargador-para-carros-electricos-de-ninos","11":"first","12":"instock","13":"shipping-taxable","14":"purchasable","15":"product-type-simple"},"_links":{"self":[{"href":"https:\/\/rgturbo.com.co\/index.php\/wp-json\/wp\/v2\/product\/3797","targetHints":{"allow":["GET"]}}],"collection":[{"href":"https:\/\/rgturbo.com.co\/index.php\/wp-json\/wp\/v2\/product"}],"about":[{"href":"https:\/\/rgturbo.com.co\/index.php\/wp-json\/wp\/v2\/types\/product"}],"replies":[{"embeddable":true,"href":"https:\/\/rgturbo.com.co\/index.php\/wp-json\/wp\/v2\/comments?post=3797"}],"wp:featuredmedia":[{"embeddable":true,"href":"https:\/\/rgturbo.com.co\/index.php\/wp-json\/wp\/v2\/media\/3798"}],"wp:attachment":[{"href":"https:\/\/rgturbo.com.co\/index.php\/wp-json\/wp\/v2\/media?parent=3797"}],"wp:term":[{"taxonomy":"product_brand","embeddable":true,"href":"https:\/\/rgturbo.com.co\/index.php\/wp-json\/wp\/v2\/product_brand?post=3797"},{"taxonomy":"product_cat","embeddable":true,"href":"https:\/\/rgturbo.com.co\/index.php\/wp-json\/wp\/v2\/product_cat?post=3797"},{"taxonomy":"product_tag","embeddable":true,"href":"https:\/\/rgturbo.com.co\/index.php\/wp-json\/wp\/v2\/product_tag?post=3797"}],"curies":[{"name":"wp","href":"https:\/\/api.w.org\/{rel}","templated":true}]}}