{"id":3764,"date":"2022-01-09T02:28:14","date_gmt":"2022-01-09T02:28:14","guid":{"rendered":"https:\/\/rgturbo.com.co\/index.php\/product\/volante-de-coche-electrico-para-ninos-uso-para-s2388-s2588-s9088\/"},"modified":"2022-01-09T02:28:17","modified_gmt":"2022-01-09T02:28:17","slug":"volante-de-coche-electrico-para-ninos-uso-para-s2388-s2588-s9088","status":"publish","type":"product","link":"https:\/\/rgturbo.com.co\/index.php\/product\/volante-de-coche-electrico-para-ninos-uso-para-s2388-s2588-s9088\/","title":{"rendered":"Volante de coche el\u00e9ctrico para ni\u00f1os, uso para S2388 S2588 S9088"},"content":{"rendered":"<p>\u00a0<\/p>\n<div class=\"product-specs-list-container\">\u00a0<\/div>\n<div class=\"detailmodule_html\">\n<div class=\"detail-desc-decorate-richtext\">\n<div class=\"detailmodule_text-image\">\n<p class=\"detail-desc-decorate-title\" style=\"font-family: OpenSans; font-size: 20px; font-weight: 900; line-height: 28px; white-space: pre-wrap; color: #000000; margin-bottom: 12px;\">Rueda de direcci\u00f3n para coche electrico montable, tim\u00f3n para carro electrico de ni\u00f1os<\/p>\n<p class=\"detail-desc-decorate-content\" style=\"font-family: OpenSans; font-size: 14px; font-weight: 300; line-height: 20px; white-space: pre-wrap; color: #000000; margin-bottom: 12px;\">Coche el\u00e9ctrico para ni\u00f1os S2388 S2588<br \/>S9088 volante de veh\u00edculo todoterreno<\/p>\n<div><img decoding=\"async\" class=\"detail-desc-decorate-image\" src=\"https:\/\/ae01.alicdn.com\/kf\/H1481071f68104ea0bab43e2c52e373fb5.jpg\" \/><img decoding=\"async\" class=\"detail-desc-decorate-image\" src=\"https:\/\/ae01.alicdn.com\/kf\/H27d89175ed19464e88f366e0633162c1q.jpg\" \/><img decoding=\"async\" class=\"detail-desc-decorate-image\" src=\"https:\/\/ae01.alicdn.com\/kf\/H89dbfe85d8ff4cff85456b65bd937bb5D.jpg\" \/><img decoding=\"async\" class=\"detail-desc-decorate-image\" src=\"https:\/\/ae01.alicdn.com\/kf\/H5452aa14f4be48c2919f43c9c49e2dce5.jpg\" \/><img decoding=\"async\" class=\"detail-desc-decorate-image\" style=\"margin-bottom: 10px;\" src=\"https:\/\/ae01.alicdn.com\/kf\/H61097ce24df44e6b96cb2e48580d9cf2u.jpg\" \/><\/div>\n<\/div>\n<p>\u00a0<\/p>\n<\/div>\n<\/div>\n","protected":false},"excerpt":{"rendered":"<p>\u00a0 \u00a0 Rueda de direcci\u00f3n para coche electrico montable, tim\u00f3n para carro electrico de ni\u00f1os Coche el\u00e9ctrico para ni\u00f1os S2388 S2588S9088 volante de veh\u00edculo todoterreno \u00a0<\/p>\n","protected":false},"featured_media":3765,"comment_status":"open","ping_status":"closed","template":"","meta":{"_monsterinsights_skip_tracking":false,"_monsterinsights_sitenote_active":false,"_monsterinsights_sitenote_note":"","_monsterinsights_sitenote_category":0,"_uf_show_specific_survey":0,"_uf_disable_surveys":false},"product_brand":[],"product_cat":[80],"product_tag":[],"class_list":{"0":"post-3764","1":"product","2":"type-product","3":"status-publish","4":"has-post-thumbnail","6":"product_cat-montables","8":"first","9":"instock","10":"shipping-taxable","11":"purchasable","12":"product-type-variable"},"_links":{"self":[{"href":"https:\/\/rgturbo.com.co\/index.php\/wp-json\/wp\/v2\/product\/3764","targetHints":{"allow":["GET"]}}],"collection":[{"href":"https:\/\/rgturbo.com.co\/index.php\/wp-json\/wp\/v2\/product"}],"about":[{"href":"https:\/\/rgturbo.com.co\/index.php\/wp-json\/wp\/v2\/types\/product"}],"replies":[{"embeddable":true,"href":"https:\/\/rgturbo.com.co\/index.php\/wp-json\/wp\/v2\/comments?post=3764"}],"wp:featuredmedia":[{"embeddable":true,"href":"https:\/\/rgturbo.com.co\/index.php\/wp-json\/wp\/v2\/media\/3765"}],"wp:attachment":[{"href":"https:\/\/rgturbo.com.co\/index.php\/wp-json\/wp\/v2\/media?parent=3764"}],"wp:term":[{"taxonomy":"product_brand","embeddable":true,"href":"https:\/\/rgturbo.com.co\/index.php\/wp-json\/wp\/v2\/product_brand?post=3764"},{"taxonomy":"product_cat","embeddable":true,"href":"https:\/\/rgturbo.com.co\/index.php\/wp-json\/wp\/v2\/product_cat?post=3764"},{"taxonomy":"product_tag","embeddable":true,"href":"https:\/\/rgturbo.com.co\/index.php\/wp-json\/wp\/v2\/product_tag?post=3764"}],"curies":[{"name":"wp","href":"https:\/\/api.w.org\/{rel}","templated":true}]}}