{"id":3737,"date":"2022-01-08T23:36:02","date_gmt":"2022-01-08T23:36:02","guid":{"rendered":"https:\/\/rgturbo.com.co\/index.php\/product\/volante-de-coche-electrico-para-ninos-s2388-s2588-volante-de-vehiculo-todoterreno-timon-para-carro-de-baterias\/"},"modified":"2022-01-09T00:00:36","modified_gmt":"2022-01-09T00:00:36","slug":"volante-de-coche-electrico-para-ninos-s2388-s2588-volante-de-vehiculo-todoterreno-timon-para-carro-de-baterias","status":"publish","type":"product","link":"https:\/\/rgturbo.com.co\/index.php\/product\/volante-de-coche-electrico-para-ninos-s2388-s2588-volante-de-vehiculo-todoterreno-timon-para-carro-de-baterias\/","title":{"rendered":"Volante de coche el\u00e9ctrico para ni\u00f1os, S2388 S2588, volante de veh\u00edculo todoterreno timon para carro de baterias"},"content":{"rendered":"<p>\u00a0<\/p>\n<div class=\"product-specs-list-container\">\n<ul class=\"product-specs-list util-clearfix\">\n<li class=\"product-prop line-limit-length\"><span class=\"property-title\">Uso:\u00a0<\/span><span class=\"property-desc line-limit-length\">Veh\u00edculos y juguetes a control remoto<\/span><\/li>\n<li class=\"product-prop line-limit-length\"><span class=\"property-title\">Cantidad:\u00a0<\/span><span class=\"property-desc line-limit-length\">1<\/span><\/li>\n<li class=\"product-prop line-limit-length\"><span class=\"property-title\">N\u00famero de modelo:\u00a0<\/span><span class=\"property-desc line-limit-length\">S9088<\/span><\/li>\n<li class=\"product-prop line-limit-length\"><span class=\"property-title\">Compatible con veh\u00edculos del tipo:\u00a0<\/span><span class=\"property-desc line-limit-length\">Coches<\/span><\/li>\n<li class=\"product-prop line-limit-length\"><span class=\"property-title\">Caracter\u00edsticas de la tracci\u00f3n a las cuatro ruedas:\u00a0<\/span><span class=\"property-desc line-limit-length\">Carrocer\u00eda\/Chasis\/Aler\u00f3n\/Cabezal<\/span><\/li>\n<\/ul>\n<\/div>\n<p><img decoding=\"async\" src=\"https:\/\/ae01.alicdn.com\/kf\/Hf1640cfff3ab45bfbd8370c5065c0dc2J.jpg\" \/><img decoding=\"async\" src=\"https:\/\/ae01.alicdn.com\/kf\/Hc2b3780e21e8414091f8784bd3675498o.jpg\" \/><img decoding=\"async\" src=\"https:\/\/ae01.alicdn.com\/kf\/Hd054454131f9441484b2f7f8e9d5f32e4.jpg\" \/><img decoding=\"async\" src=\"https:\/\/ae01.alicdn.com\/kf\/Hd6cf7f2363fb49958e07d2be74618ac0u.jpg\" \/><\/p>\n","protected":false},"excerpt":{"rendered":"<p>\u00a0 Uso:\u00a0Veh\u00edculos y juguetes a control remoto Cantidad:\u00a01 N\u00famero de modelo:\u00a0S9088 Compatible con veh\u00edculos del tipo:\u00a0Coches Caracter\u00edsticas de la tracci\u00f3n a las cuatro ruedas:\u00a0Carrocer\u00eda\/Chasis\/Aler\u00f3n\/Cabezal<\/p>\n","protected":false},"featured_media":3738,"comment_status":"open","ping_status":"closed","template":"","meta":{"_monsterinsights_skip_tracking":false,"_monsterinsights_sitenote_active":false,"_monsterinsights_sitenote_note":"","_monsterinsights_sitenote_category":0,"_uf_show_specific_survey":0,"_uf_disable_surveys":false},"product_brand":[],"product_cat":[80],"product_tag":[219,218],"class_list":{"0":"post-3737","1":"product","2":"type-product","3":"status-publish","4":"has-post-thumbnail","6":"product_cat-montables","7":"product_tag-coches-de-juguete","8":"product_tag-timon-para-carros-de-ninos","10":"first","11":"instock","12":"shipping-taxable","13":"purchasable","14":"product-type-variable"},"_links":{"self":[{"href":"https:\/\/rgturbo.com.co\/index.php\/wp-json\/wp\/v2\/product\/3737","targetHints":{"allow":["GET"]}}],"collection":[{"href":"https:\/\/rgturbo.com.co\/index.php\/wp-json\/wp\/v2\/product"}],"about":[{"href":"https:\/\/rgturbo.com.co\/index.php\/wp-json\/wp\/v2\/types\/product"}],"replies":[{"embeddable":true,"href":"https:\/\/rgturbo.com.co\/index.php\/wp-json\/wp\/v2\/comments?post=3737"}],"wp:featuredmedia":[{"embeddable":true,"href":"https:\/\/rgturbo.com.co\/index.php\/wp-json\/wp\/v2\/media\/3738"}],"wp:attachment":[{"href":"https:\/\/rgturbo.com.co\/index.php\/wp-json\/wp\/v2\/media?parent=3737"}],"wp:term":[{"taxonomy":"product_brand","embeddable":true,"href":"https:\/\/rgturbo.com.co\/index.php\/wp-json\/wp\/v2\/product_brand?post=3737"},{"taxonomy":"product_cat","embeddable":true,"href":"https:\/\/rgturbo.com.co\/index.php\/wp-json\/wp\/v2\/product_cat?post=3737"},{"taxonomy":"product_tag","embeddable":true,"href":"https:\/\/rgturbo.com.co\/index.php\/wp-json\/wp\/v2\/product_tag?post=3737"}],"curies":[{"name":"wp","href":"https:\/\/api.w.org\/{rel}","templated":true}]}}