{"id":3729,"date":"2022-01-08T23:29:40","date_gmt":"2022-01-08T23:29:40","guid":{"rendered":"https:\/\/rgturbo.com.co\/index.php\/product\/interruptor-electronico-de-engranaje-delantero-y-marcha-atras-para-coche-electrico-para-ninos-para-interruptor-de-piezas-de-repuesto-de-coche-de-juguete-para-ninos\/"},"modified":"2022-01-08T23:29:42","modified_gmt":"2022-01-08T23:29:42","slug":"interruptor-electronico-de-engranaje-delantero-y-marcha-atras-para-coche-electrico-para-ninos-para-interruptor-de-piezas-de-repuesto-de-coche-de-juguete-para-ninos","status":"publish","type":"product","link":"https:\/\/rgturbo.com.co\/index.php\/product\/interruptor-electronico-de-engranaje-delantero-y-marcha-atras-para-coche-electrico-para-ninos-para-interruptor-de-piezas-de-repuesto-de-coche-de-juguete-para-ninos\/","title":{"rendered":"Interruptor electr\u00f3nico de engranaje delantero y marcha atr\u00e1s para coche el\u00e9ctrico para ni\u00f1os, para interruptor de piezas de repuesto de coche de juguete para ni\u00f1os"},"content":{"rendered":"<p>\u00a0<\/p>\n<div class=\"product-specs-list-container\">\n<ul class=\"product-specs-list util-clearfix\">\n<li class=\"product-prop line-limit-length\"><span class=\"property-title\">Uso:\u00a0<\/span><span class=\"property-desc line-limit-length\">Veh\u00edculos y juguetes a control remoto<\/span><\/li>\n<\/ul>\n<\/div>\n<div class=\"detailmodule_html\">\n<div class=\"detail-desc-decorate-richtext\">\n<div class=\"detailmodule_text\">\n<p class=\"detail-desc-decorate-content\" style=\"text-overflow: ellipsis; font-family: 'OpenSans'; color: #000; word-wrap: break-word; white-space: pre-wrap; font-weight: 300; font-size: 14px; line-height: 20px; margin-bottom: 12px;\">-S9088 2588 Interruptor de velocidad, cambio hacia adelante electr\u00f3nico de coche para ni\u00f1os con alta y baja velocidad, interruptor de manija de engranaje de coche de simulaci\u00f3n<br \/>-Este producto es adecuado para ni\u00f1os espec\u00edficos que montan coches de juguete, aseg\u00farese de que las piezas compradas tengan la misma apariencia y dimensiones que las piezas originales<br \/>-Interruptor de varilla de empuje de engranaje inverso neutro de alta velocidad y baja velocidad para ni\u00f1os que montan coches de juguete<br \/>-Esta pieza tiene un conector 6P 2P, preste atenci\u00f3n al enchufe del conector, este producto no es adecuado para la modificaci\u00f3n DIY<\/p>\n<\/div>\n<div class=\"detailmodule_text-image\"><img decoding=\"async\" class=\"detail-desc-decorate-image\" style=\"margin-bottom: 10px;\" src=\"https:\/\/ae01.alicdn.com\/kf\/H4735bc5bd17a47aab860d8842c9bbb75Q.jpg\" \/><img decoding=\"async\" class=\"detail-desc-decorate-image\" style=\"margin-bottom: 10px;\" src=\"https:\/\/ae01.alicdn.com\/kf\/Ha75ca14d8c15447a8192f6ce925d0717W.jpg\" \/><img decoding=\"async\" class=\"detail-desc-decorate-image\" style=\"margin-bottom: 10px;\" src=\"https:\/\/ae01.alicdn.com\/kf\/H14d4470ec7d54f20bfba153ddaf5146eA.jpg\" \/><img decoding=\"async\" class=\"detail-desc-decorate-image\" style=\"margin-bottom: 10px;\" src=\"https:\/\/ae01.alicdn.com\/kf\/H335dd1bd6e27400c82f5fd6c753175edh.jpg\" \/><img decoding=\"async\" class=\"detail-desc-decorate-image\" style=\"margin-bottom: 10px;\" src=\"https:\/\/ae01.alicdn.com\/kf\/Hff7be83f2b3547adabd1934d984b9100T.jpg\" \/><img decoding=\"async\" class=\"detail-desc-decorate-image\" style=\"margin-bottom: 10px;\" src=\"https:\/\/ae01.alicdn.com\/kf\/H73786a5466e042e69a83e684ff8e7c03b.jpg\" \/><img decoding=\"async\" class=\"detail-desc-decorate-image\" style=\"margin-bottom: 10px;\" src=\"https:\/\/ae01.alicdn.com\/kf\/H077e64fe271e4b4bb167a57a696466efB.jpg\" \/><img decoding=\"async\" class=\"detail-desc-decorate-image\" style=\"margin-bottom: 10px;\" src=\"https:\/\/ae01.alicdn.com\/kf\/H636770253d5b417d9eb93f9da2b6658fQ.jpg\" \/><\/div>\n<\/div>\n<\/div>\n","protected":false},"excerpt":{"rendered":"<p>\u00a0 Uso:\u00a0Veh\u00edculos y juguetes a control remoto -S9088 2588 Interruptor de velocidad, cambio hacia adelante electr\u00f3nico de coche para ni\u00f1os con alta y baja velocidad, interruptor de manija de engranaje de coche de simulaci\u00f3n-Este producto es adecuado para ni\u00f1os espec\u00edficos que montan coches de juguete, aseg\u00farese de que las piezas compradas tengan la misma apariencia &hellip; <\/p>\n<p class=\"link-more\"><a href=\"https:\/\/rgturbo.com.co\/index.php\/product\/interruptor-electronico-de-engranaje-delantero-y-marcha-atras-para-coche-electrico-para-ninos-para-interruptor-de-piezas-de-repuesto-de-coche-de-juguete-para-ninos\/\" class=\"more-link\">Continue reading<span class=\"screen-reader-text\"> \u00abInterruptor electr\u00f3nico de engranaje delantero y marcha atr\u00e1s para coche el\u00e9ctrico para ni\u00f1os, para interruptor de piezas de repuesto de coche de juguete para ni\u00f1os\u00bb<\/span><\/a><\/p>\n","protected":false},"featured_media":3730,"comment_status":"open","ping_status":"closed","template":"","meta":{"_monsterinsights_skip_tracking":false,"_monsterinsights_sitenote_active":false,"_monsterinsights_sitenote_note":"","_monsterinsights_sitenote_category":0,"_uf_show_specific_survey":0,"_uf_disable_surveys":false},"product_brand":[],"product_cat":[80],"product_tag":[216,215,214],"class_list":{"0":"post-3729","1":"product","2":"type-product","3":"status-publish","4":"has-post-thumbnail","6":"product_cat-montables","7":"product_tag-autos-montables","8":"product_tag-interruptor-de-velocidad","9":"product_tag-palanca-de-cambios","11":"first","12":"instock","13":"shipping-taxable","14":"purchasable","15":"product-type-variable"},"_links":{"self":[{"href":"https:\/\/rgturbo.com.co\/index.php\/wp-json\/wp\/v2\/product\/3729","targetHints":{"allow":["GET"]}}],"collection":[{"href":"https:\/\/rgturbo.com.co\/index.php\/wp-json\/wp\/v2\/product"}],"about":[{"href":"https:\/\/rgturbo.com.co\/index.php\/wp-json\/wp\/v2\/types\/product"}],"replies":[{"embeddable":true,"href":"https:\/\/rgturbo.com.co\/index.php\/wp-json\/wp\/v2\/comments?post=3729"}],"wp:featuredmedia":[{"embeddable":true,"href":"https:\/\/rgturbo.com.co\/index.php\/wp-json\/wp\/v2\/media\/3730"}],"wp:attachment":[{"href":"https:\/\/rgturbo.com.co\/index.php\/wp-json\/wp\/v2\/media?parent=3729"}],"wp:term":[{"taxonomy":"product_brand","embeddable":true,"href":"https:\/\/rgturbo.com.co\/index.php\/wp-json\/wp\/v2\/product_brand?post=3729"},{"taxonomy":"product_cat","embeddable":true,"href":"https:\/\/rgturbo.com.co\/index.php\/wp-json\/wp\/v2\/product_cat?post=3729"},{"taxonomy":"product_tag","embeddable":true,"href":"https:\/\/rgturbo.com.co\/index.php\/wp-json\/wp\/v2\/product_tag?post=3729"}],"curies":[{"name":"wp","href":"https:\/\/api.w.org\/{rel}","templated":true}]}}