{"id":3706,"date":"2022-01-08T23:25:37","date_gmt":"2022-01-08T23:25:37","guid":{"rendered":"https:\/\/rgturbo.com.co\/index.php\/product\/interruptor-de-marcha-atras-de-vehiculo-electrico-para-ninos-interruptor-de-marcha-atras-de-coche-de-bebe-dpr-manija-de-empuje\/"},"modified":"2022-01-08T23:25:40","modified_gmt":"2022-01-08T23:25:40","slug":"interruptor-de-marcha-atras-de-vehiculo-electrico-para-ninos-interruptor-de-marcha-atras-de-coche-de-bebe-dpr-manija-de-empuje","status":"publish","type":"product","link":"https:\/\/rgturbo.com.co\/index.php\/product\/interruptor-de-marcha-atras-de-vehiculo-electrico-para-ninos-interruptor-de-marcha-atras-de-coche-de-bebe-dpr-manija-de-empuje\/","title":{"rendered":"Interruptor de marcha atr\u00e1s de veh\u00edculo el\u00e9ctrico para ni\u00f1os, interruptor de marcha atr\u00e1s de coche de beb\u00e9, DPR, manija de empuje"},"content":{"rendered":"<p>\u00a0<\/p>\n<div class=\"product-specs-list-container\">\n<ul class=\"product-specs-list util-clearfix\">\n<li class=\"product-prop line-limit-length\"><span class=\"property-title\">Caracter\u00edsticas: Palanca de velocidades adelante-atras<\/span><\/li>\n<li class=\"product-prop line-limit-length\"><span class=\"property-title\">Fuente de energ\u00eda:\u00a0<\/span><span class=\"property-desc line-limit-length\">El\u00e9ctrico<\/span><\/li>\n<li class=\"product-prop line-limit-length\"><span class=\"property-title\">G\u00e9nero: Carros montables<\/span><img decoding=\"async\" src=\"https:\/\/ae01.alicdn.com\/kf\/Hb9f2880d6c5b4eeebeff70370b2f0cb3H.jpg\" \/><img decoding=\"async\" class=\"detail-desc-decorate-image\" src=\"https:\/\/ae01.alicdn.com\/kf\/H4cc9ca3d18e241a28f4577f0796a6ad7c.jpg\" \/><img decoding=\"async\" class=\"detail-desc-decorate-image\" src=\"https:\/\/ae01.alicdn.com\/kf\/H816f6d9d62104a70a8e360e2b440e622W.jpg\" \/><img decoding=\"async\" class=\"detail-desc-decorate-image\" src=\"https:\/\/ae01.alicdn.com\/kf\/H8eff31d893e44eebbba12780d92c7680G.jpg\" \/><img decoding=\"async\" class=\"detail-desc-decorate-image\" src=\"https:\/\/ae01.alicdn.com\/kf\/H6be1da052c8e4bfdafab8014d26bd877e.jpg\" \/><img decoding=\"async\" class=\"detail-desc-decorate-image\" src=\"https:\/\/ae01.alicdn.com\/kf\/Hba1280e473724b9190d9bbbd15d2a6bcW.jpg\" \/><img decoding=\"async\" class=\"detail-desc-decorate-image\" src=\"https:\/\/ae01.alicdn.com\/kf\/He02d170104084d65b158ef01a7e106991.jpg\" \/><img decoding=\"async\" class=\"detail-desc-decorate-image\" src=\"https:\/\/ae01.alicdn.com\/kf\/Hae9ef9fd2da14861aca643f7a314bde1h.jpg\" \/><img decoding=\"async\" class=\"detail-desc-decorate-image\" src=\"https:\/\/ae01.alicdn.com\/kf\/H3f61cb02fb7245cc874f526164abf8aeO.jpg\" \/><img decoding=\"async\" class=\"detail-desc-decorate-image\" src=\"https:\/\/ae01.alicdn.com\/kf\/H7ec83125e5ce4aa2a799649655fe835eN.jpg\" \/><img decoding=\"async\" class=\"detail-desc-decorate-image\" src=\"https:\/\/ae01.alicdn.com\/kf\/H4732a8b05ebd42a88313f27f3b0f0a13E.jpg\" \/><img decoding=\"async\" src=\"https:\/\/ae01.alicdn.com\/kf\/H0c14ebd32bec4e5c92caabfefac343d0h.jpg\" \/><img decoding=\"async\" src=\"https:\/\/ae01.alicdn.com\/kf\/He58a27d6f8e7499baec2c7cac49a3dc8o.jpg\" \/><img decoding=\"async\" src=\"https:\/\/ae01.alicdn.com\/kf\/H9af5517a8de64ae29bc3063b23f08f0b1.jpg\" \/><img decoding=\"async\" src=\"https:\/\/ae01.alicdn.com\/kf\/H5999f7f1dcfe4b20a50e498787c667beV.jpg\" \/><img decoding=\"async\" src=\"https:\/\/ae01.alicdn.com\/kf\/Hfb3fd428707a491086e2260db6b29a11z.jpg\" \/><img decoding=\"async\" src=\"https:\/\/ae01.alicdn.com\/kf\/Hfa31609f0a2349ab83531ed18ae72a7cT.jpg\" \/><img decoding=\"async\" src=\"https:\/\/ae01.alicdn.com\/kf\/He016a91265cf463b8874a3f4c5bd0c07d.jpg\" \/><\/li>\n<\/ul>\n<\/div>\n<div class=\"detailmodule_html\">\n<div class=\"detail-desc-decorate-richtext\">\n<p>\u00a0<\/p>\n<\/div>\n<\/div>\n","protected":false},"excerpt":{"rendered":"<p>\u00a0 Caracter\u00edsticas: Palanca de velocidades adelante-atras Fuente de energ\u00eda:\u00a0El\u00e9ctrico G\u00e9nero: Carros montables \u00a0<\/p>\n","protected":false},"featured_media":3707,"comment_status":"open","ping_status":"closed","template":"","meta":{"_monsterinsights_skip_tracking":false,"_monsterinsights_sitenote_active":false,"_monsterinsights_sitenote_note":"","_monsterinsights_sitenote_category":0,"_uf_show_specific_survey":0,"_uf_disable_surveys":false},"product_brand":[],"product_cat":[80],"product_tag":[211,212],"class_list":{"0":"post-3706","1":"product","2":"type-product","3":"status-publish","4":"has-post-thumbnail","6":"product_cat-montables","7":"product_tag-acelerador-para-carro-de-ninos","8":"product_tag-palanca-de-cambios-para-auto","10":"first","11":"instock","12":"shipping-taxable","13":"purchasable","14":"product-type-variable"},"_links":{"self":[{"href":"https:\/\/rgturbo.com.co\/index.php\/wp-json\/wp\/v2\/product\/3706","targetHints":{"allow":["GET"]}}],"collection":[{"href":"https:\/\/rgturbo.com.co\/index.php\/wp-json\/wp\/v2\/product"}],"about":[{"href":"https:\/\/rgturbo.com.co\/index.php\/wp-json\/wp\/v2\/types\/product"}],"replies":[{"embeddable":true,"href":"https:\/\/rgturbo.com.co\/index.php\/wp-json\/wp\/v2\/comments?post=3706"}],"wp:featuredmedia":[{"embeddable":true,"href":"https:\/\/rgturbo.com.co\/index.php\/wp-json\/wp\/v2\/media\/3707"}],"wp:attachment":[{"href":"https:\/\/rgturbo.com.co\/index.php\/wp-json\/wp\/v2\/media?parent=3706"}],"wp:term":[{"taxonomy":"product_brand","embeddable":true,"href":"https:\/\/rgturbo.com.co\/index.php\/wp-json\/wp\/v2\/product_brand?post=3706"},{"taxonomy":"product_cat","embeddable":true,"href":"https:\/\/rgturbo.com.co\/index.php\/wp-json\/wp\/v2\/product_cat?post=3706"},{"taxonomy":"product_tag","embeddable":true,"href":"https:\/\/rgturbo.com.co\/index.php\/wp-json\/wp\/v2\/product_tag?post=3706"}],"curies":[{"name":"wp","href":"https:\/\/api.w.org\/{rel}","templated":true}]}}