{"id":3664,"date":"2022-01-07T00:42:54","date_gmt":"2022-01-07T00:42:54","guid":{"rendered":"https:\/\/rgturbo.com.co\/index.php\/product\/transmisor-de-control-remoto-universal-para-autos-de-ninos-27mhz-ergonomico-de-juguete-f-b-l-r-de-cuatro-lados-diy\/"},"modified":"2022-01-09T00:18:51","modified_gmt":"2022-01-09T00:18:51","slug":"transmisor-de-control-remoto-universal-para-autos-de-ninos-27mhz-ergonomico-de-juguete-f-b-l-r-de-cuatro-lados-diy","status":"publish","type":"product","link":"https:\/\/rgturbo.com.co\/index.php\/product\/transmisor-de-control-remoto-universal-para-autos-de-ninos-27mhz-ergonomico-de-juguete-f-b-l-r-de-cuatro-lados-diy\/","title":{"rendered":"Transmisor de Control remoto Universal para autos de ni\u00f1os, 27MHz ergon\u00f3mico de juguete, F\/B\/L\/R, de cuatro lados, DIY"},"content":{"rendered":"\n<div class=\"product-specs-list-container\">\n<ul class=\"product-specs-list util-clearfix\">\n<li class=\"product-prop line-limit-length\"><span\n                                        class=\"property-title\">Origen:&nbsp;<\/span><span\n                                        class=\"property-desc line-limit-length\">CN(Origen)<\/span>\n                            <\/li>\n<li class=\"product-prop line-limit-length\"><span\n                                        class=\"property-title\">Material:&nbsp;<\/span><span\n                                        class=\"property-desc line-limit-length\">Pl\u00e1stico<\/span>\n                            <\/li>\n<li class=\"product-prop line-limit-length\"><span\n                                        class=\"property-title\">Tipo de pl\u00e1stico:&nbsp;<\/span><span\n                                        class=\"property-desc line-limit-length\">PP<\/span>\n                            <\/li>\n<li class=\"product-prop line-limit-length\"><span\n                                        class=\"property-title\">Recomendar edad:&nbsp;<\/span><span\n                                        class=\"property-desc line-limit-length\">MATERNITY<\/span>\n                            <\/li>\n<li class=\"product-prop line-limit-length\"><span\n                                        class=\"property-title\">Recomendar edad:&nbsp;<\/span><span\n                                        class=\"property-desc line-limit-length\">0-6m<\/span>\n                            <\/li>\n<li class=\"product-prop line-limit-length\"><span\n                                        class=\"property-title\">Recomendar edad:&nbsp;<\/span><span\n                                        class=\"property-desc line-limit-length\">7-12m<\/span>\n                            <\/li>\n<li class=\"product-prop line-limit-length\"><span\n                                        class=\"property-title\">Recomendar edad:&nbsp;<\/span><span\n                                        class=\"property-desc line-limit-length\">13-24m<\/span>\n                            <\/li>\n<li class=\"product-prop line-limit-length\"><span\n                                        class=\"property-title\">Recomendar edad:&nbsp;<\/span><span\n                                        class=\"property-desc line-limit-length\">25-36m<\/span>\n                            <\/li>\n<li class=\"product-prop line-limit-length\"><span\n                                        class=\"property-title\">Recomendar edad:&nbsp;<\/span><span\n                                        class=\"property-desc line-limit-length\">4 -6 a\u00f1os<\/span>\n                            <\/li>\n<li class=\"product-prop line-limit-length\"><span\n                                        class=\"property-title\">Recomendar edad:&nbsp;<\/span><span\n                                        class=\"property-desc line-limit-length\">7-12y<\/span>\n                            <\/li>\n<li class=\"product-prop line-limit-length\"><span\n                                        class=\"property-title\">Recomendar edad:&nbsp;<\/span><span\n                                        class=\"property-desc line-limit-length\">12   y<\/span>\n                            <\/li>\n<li class=\"product-prop line-limit-length\"><span\n                                        class=\"property-title\">Recomendar edad:&nbsp;<\/span><span\n                                        class=\"property-desc line-limit-length\">18  <\/span>\n                            <\/li>\n<li class=\"product-prop line-limit-length\"><span\n                                        class=\"property-title\">Tipo de suministro:&nbsp;<\/span><span\n                                        class=\"property-desc line-limit-length\">Para montaje<\/span>\n                            <\/li>\n<li class=\"product-prop line-limit-length\"><span\n                                        class=\"property-title\">RC Partes y Accesorios:&nbsp;<\/span><span\n                                        class=\"property-desc line-limit-length\">RECEPTORES<\/span>\n                            <\/li>\n<li class=\"product-prop line-limit-length\"><span\n                                        class=\"property-title\">Uso:&nbsp;<\/span><span\n                                        class=\"property-desc line-limit-length\">Veh\u00edculos y juguetes a control remoto<\/span>\n                            <\/li>\n<li class=\"product-prop line-limit-length\"><span\n                                        class=\"property-title\">Cantidad:&nbsp;<\/span><span\n                                        class=\"property-desc line-limit-length\">1<\/span>\n                            <\/li>\n<li class=\"product-prop line-limit-length\"><span\n                                        class=\"property-title\">Par\u00e1metros t\u00e9cnicos:&nbsp;<\/span><span\n                                        class=\"property-desc line-limit-length\">Valor 4<\/span>\n                            <\/li>\n<li class=\"product-prop line-limit-length\"><span\n                                        class=\"property-title\">N\u00famero de modelo:&nbsp;<\/span><span\n                                        class=\"property-desc line-limit-length\">30000777<\/span>\n                            <\/li>\n<li class=\"product-prop line-limit-length\"><span\n                                        class=\"property-title\">Tipo de dispositivo de control remoto:&nbsp;<\/span><span\n                                        class=\"property-desc line-limit-length\">Control remoto<\/span>\n                            <\/li>\n<li class=\"product-prop line-limit-length\"><span\n                                        class=\"property-title\">Compatible con veh\u00edculos del tipo:&nbsp;<\/span><span\n                                        class=\"property-desc line-limit-length\">Coches<\/span>\n                            <\/li>\n<li class=\"product-prop line-limit-length\"><span\n                                        class=\"property-title\">Caracter\u00edsticas de la tracci\u00f3n a las cuatro ruedas:&nbsp;<\/span><span\n                                        class=\"property-desc line-limit-length\">MONTAJE<\/span>\n                            <\/li>\n<\/ul><\/div>\n<div class=\"detailmodule_html\">\n<div class=\"detail-desc-decorate-richtext\">\n<div class=\"detailmodule_dynamic\"><kse:widget data-widget-type=\"customText\" id=\"4000000035229\" type=\"relation\"><\/kse:widget><\/div>\n<div class=\"detailmodule_html\">\n<div class=\"detail-desc-decorate-richtext\">\n<p><strong><span style=\"font-family:&quot;Times New Roman&quot;, Times, serif\"><span style=\"font-size:26px\">Universal ergon\u00f3mico 27MHz F\/B\/L\/R Control remoto de coche de veh\u00edculo de juguete de cuatro lados<\/span><\/span><\/strong><\/p>\n<p><span style=\"font-family:&quot;Times New Roman&quot;, Times, serif\"><span style=\"font-size:22px\">Especificaciones:<br \/>El control remoto est\u00e1 hecho de material de PVC, duradero para ni\u00f1os.<br \/>Bot\u00f3n suave con ajuste de 4 lados para la parte delantera, trasera, derecha e izquierda.<br \/>Adecuado para la mayor\u00eda de coches de juguete de 27MHz de frecuencia.<br \/>F\u00e1cil de usar para reemplazar el control remoto de su coche de juguete roto.<\/p>\n<p>Tipo: Control remoto de coche de juguete<br \/>Material: PVC<br \/>Frecuencia: 27MHz<br \/>Fuente de alimentaci\u00f3n: 2 pilas AA (no incluidas)<br \/>Caracter\u00edsticas: ergon\u00f3mico, port\u00e1til, antena, Universal<br \/>Tama\u00f1o: 125mm x 95mm\/4,92 \u00abx 3,74\u00bb (aprox.)<\/p>\n<p>Notas:<br \/>Aseg\u00farese de que la frecuencia de su coche de juguete es compatible con el control remoto antes de comprar.<br \/>Debido a la diferencia de luz y configuraci\u00f3n de la pantalla, el color del art\u00edculo puede ser ligeramente diferente al de las im\u00e1genes.<br \/>Permita una ligera diferencia de dimensi\u00f3n debido a las diferentes medidas manuales.<\/p>\n<p>El paquete incluye:<br \/>1 x Control Remoto de coche de juguete<\/span><\/span><\/p>\n<div><img decoding=\"async\" src=\"https:\/\/ae01.alicdn.com\/kf\/Hec2643d7c9de466d814f55ed498d1445M.jpg\" slate-data-type=\"image\"\/><img decoding=\"async\" src=\"https:\/\/ae01.alicdn.com\/kf\/Hbf36476c966e4e54995b78d9ec1a80d0Y.jpg\" slate-data-type=\"image\"\/><img decoding=\"async\" src=\"https:\/\/ae01.alicdn.com\/kf\/Hd67b6a0c7ed64ae0aa43dddd04183f79u.jpg\" slate-data-type=\"image\"\/><img decoding=\"async\" src=\"https:\/\/ae01.alicdn.com\/kf\/H3dc82bf1ffc340eab90b4054c2eebd913.jpg\" slate-data-type=\"image\"\/><img decoding=\"async\" src=\"https:\/\/ae01.alicdn.com\/kf\/H857fc8f454224b43a4489fae89ae32e5t.jpg\" slate-data-type=\"image\"\/><img decoding=\"async\" src=\"https:\/\/ae01.alicdn.com\/kf\/H42e544991664492089914ceb4fe4e362s.jpg\" slate-data-type=\"image\"\/><\/div>\n<\/div>\n<\/div>\n<p><\/div>\n<\/div>\n","protected":false},"excerpt":{"rendered":"<p>Origen:&nbsp;CN(Origen) Material:&nbsp;Pl\u00e1stico Tipo de pl\u00e1stico:&nbsp;PP Recomendar edad:&nbsp;MATERNITY Recomendar edad:&nbsp;0-6m Recomendar edad:&nbsp;7-12m Recomendar edad:&nbsp;13-24m Recomendar edad:&nbsp;25-36m Recomendar edad:&nbsp;4 -6 a\u00f1os Recomendar edad:&nbsp;7-12y Recomendar edad:&nbsp;12 y Recomendar edad:&nbsp;18 Tipo de suministro:&nbsp;Para montaje RC Partes y Accesorios:&nbsp;RECEPTORES Uso:&nbsp;Veh\u00edculos y juguetes a control remoto Cantidad:&nbsp;1 Par\u00e1metros t\u00e9cnicos:&nbsp;Valor 4 N\u00famero de modelo:&nbsp;30000777 Tipo de dispositivo de control remoto:&nbsp;Control remoto Compatible &hellip; <\/p>\n<p class=\"link-more\"><a href=\"https:\/\/rgturbo.com.co\/index.php\/product\/transmisor-de-control-remoto-universal-para-autos-de-ninos-27mhz-ergonomico-de-juguete-f-b-l-r-de-cuatro-lados-diy\/\" class=\"more-link\">Continue reading<span class=\"screen-reader-text\"> \u00abTransmisor de Control remoto Universal para autos de ni\u00f1os, 27MHz ergon\u00f3mico de juguete, F\/B\/L\/R, de cuatro lados, DIY\u00bb<\/span><\/a><\/p>\n","protected":false},"featured_media":3665,"comment_status":"open","ping_status":"closed","template":"","meta":{"_monsterinsights_skip_tracking":false,"_monsterinsights_sitenote_active":false,"_monsterinsights_sitenote_note":"","_monsterinsights_sitenote_category":0,"_uf_show_specific_survey":0,"_uf_disable_surveys":false},"product_brand":[],"product_cat":[80],"product_tag":[],"class_list":{"0":"post-3664","1":"product","2":"type-product","3":"status-publish","4":"has-post-thumbnail","6":"product_cat-montables","8":"first","9":"instock","10":"shipping-taxable","11":"purchasable","12":"product-type-variable"},"_links":{"self":[{"href":"https:\/\/rgturbo.com.co\/index.php\/wp-json\/wp\/v2\/product\/3664","targetHints":{"allow":["GET"]}}],"collection":[{"href":"https:\/\/rgturbo.com.co\/index.php\/wp-json\/wp\/v2\/product"}],"about":[{"href":"https:\/\/rgturbo.com.co\/index.php\/wp-json\/wp\/v2\/types\/product"}],"replies":[{"embeddable":true,"href":"https:\/\/rgturbo.com.co\/index.php\/wp-json\/wp\/v2\/comments?post=3664"}],"wp:featuredmedia":[{"embeddable":true,"href":"https:\/\/rgturbo.com.co\/index.php\/wp-json\/wp\/v2\/media\/3665"}],"wp:attachment":[{"href":"https:\/\/rgturbo.com.co\/index.php\/wp-json\/wp\/v2\/media?parent=3664"}],"wp:term":[{"taxonomy":"product_brand","embeddable":true,"href":"https:\/\/rgturbo.com.co\/index.php\/wp-json\/wp\/v2\/product_brand?post=3664"},{"taxonomy":"product_cat","embeddable":true,"href":"https:\/\/rgturbo.com.co\/index.php\/wp-json\/wp\/v2\/product_cat?post=3664"},{"taxonomy":"product_tag","embeddable":true,"href":"https:\/\/rgturbo.com.co\/index.php\/wp-json\/wp\/v2\/product_tag?post=3664"}],"curies":[{"name":"wp","href":"https:\/\/api.w.org\/{rel}","templated":true}]}}