{"id":3659,"date":"2022-01-07T00:33:30","date_gmt":"2022-01-07T00:33:30","guid":{"rendered":"https:\/\/rgturbo.com.co\/index.php\/product\/modulo-de-musica-de-coche-electrico-para-ninos-modulo-electronico-de-musica-de-coche-de-juguete-para-ninos-tablero-pcb-de-musica-de-coche-de-control-remoto-de-12v-6v\/"},"modified":"2022-01-09T00:23:05","modified_gmt":"2022-01-09T00:23:05","slug":"modulo-de-musica-de-coche-electrico-para-ninos-modulo-electronico-de-musica-de-coche-de-juguete-para-ninos-tablero-pcb-de-musica-de-coche-de-control-remoto-de-12v-6v","status":"publish","type":"product","link":"https:\/\/rgturbo.com.co\/index.php\/product\/modulo-de-musica-de-coche-electrico-para-ninos-modulo-electronico-de-musica-de-coche-de-juguete-para-ninos-tablero-pcb-de-musica-de-coche-de-control-remoto-de-12v-6v\/","title":{"rendered":"M\u00f3dulo de m\u00fasica de coche el\u00e9ctrico para ni\u00f1os, m\u00f3dulo electr\u00f3nico de m\u00fasica de coche de juguete para ni\u00f1os, tablero PCB de m\u00fasica de coche de control remoto de 12V 6V"},"content":{"rendered":"<p>\u00a0<\/p>\n<div class=\"product-specs-list-container\">\n<ul class=\"product-specs-list util-clearfix\">\n<li class=\"product-prop line-limit-length\"><span class=\"property-title\">Piezas mejoradas:\u00a0<\/span><span class=\"property-desc line-limit-length\">Music module<\/span><\/li>\n<li class=\"product-prop line-limit-length\"><span class=\"property-title\">RC Partes y Accesorios:\u00a0<\/span><span class=\"property-desc line-limit-length\">Conectores\/Cableado<\/span><\/li>\n<li class=\"product-prop line-limit-length\"><span class=\"property-title\">Uso:\u00a0<\/span><span class=\"property-desc line-limit-length\">Veh\u00edculos y juguetes a control remoto<\/span><\/li>\n<li class=\"product-prop line-limit-length\"><span class=\"property-title\">N\u00famero de modelo:\u00a0<\/span><span class=\"property-desc line-limit-length\">126PC<\/span><\/li>\n<li class=\"product-prop line-limit-length\"><span class=\"property-title\">Tipo de dispositivo de control remoto:\u00a0<\/span><span class=\"property-desc line-limit-length\">Control remoto<\/span><\/li>\n<li class=\"product-prop line-limit-length\"><span class=\"property-title\">Compatible con veh\u00edculos del tipo:\u00a0<\/span><span class=\"property-desc line-limit-length\">Coches<\/span><\/li>\n<li class=\"product-prop line-limit-length\"><span class=\"property-title\">Caracter\u00edsticas de la tracci\u00f3n a las cuatro ruedas:\u00a0<\/span><span class=\"property-desc line-limit-length\">MOTORES<\/span><\/li>\n<li class=\"product-prop line-limit-length\"><span class=\"property-title\">Distancia entre ejes:\u00a0<\/span><span class=\"property-desc line-limit-length\">Placa inferior<\/span><\/li>\n<\/ul>\n<\/div>\n<p>\u00a0<\/p>\n<p><span style=\"font-size: 20.0px;\"><strong>M\u00f3dulo de m\u00fasica de coche el\u00e9ctrico para ni\u00f1os m\u00f3dulo electr\u00f3nico de m\u00fasica de coche de juguete para ni\u00f1os 12V 6V tablero de PCB de m\u00fasica de coche de control remoto<\/strong><\/span><\/p>\n<p><span style=\"font-size: 18.0px;\">Si el comprador necesita reproducir su propia m\u00fasica, debe conectarse al reproductor MP3. Este m\u00f3dulo de m\u00fasica est\u00e1 equipado con canciones chinas.<\/span><\/p>\n<p><span style=\"font-size: 18.0px;\"><img decoding=\"async\" src=\"https:\/\/ae01.alicdn.com\/kf\/HTB1tSs3a0fvK1RjSspoq6zfNpXah.jpg\" alt=\"TB2OIWaesPRfKJjSZFOXXbKEVXa_!!558625367\" \/><\/span><\/p>\n<p><span style=\"font-size: 18.0px;\"><img decoding=\"async\" src=\"https:\/\/ae01.alicdn.com\/kf\/HTB1MsIZbinrK1Rjy1Xcq6yeDVXa9.jpg\" alt=\"_20190223202911\" \/><\/span><\/p>\n","protected":false},"excerpt":{"rendered":"<p>\u00a0 Piezas mejoradas:\u00a0Music module RC Partes y Accesorios:\u00a0Conectores\/Cableado Uso:\u00a0Veh\u00edculos y juguetes a control remoto N\u00famero de modelo:\u00a0126PC Tipo de dispositivo de control remoto:\u00a0Control remoto Compatible con veh\u00edculos del tipo:\u00a0Coches Caracter\u00edsticas de la tracci\u00f3n a las cuatro ruedas:\u00a0MOTORES Distancia entre ejes:\u00a0Placa inferior \u00a0 M\u00f3dulo de m\u00fasica de coche el\u00e9ctrico para ni\u00f1os m\u00f3dulo electr\u00f3nico de m\u00fasica de &hellip; <\/p>\n<p class=\"link-more\"><a href=\"https:\/\/rgturbo.com.co\/index.php\/product\/modulo-de-musica-de-coche-electrico-para-ninos-modulo-electronico-de-musica-de-coche-de-juguete-para-ninos-tablero-pcb-de-musica-de-coche-de-control-remoto-de-12v-6v\/\" class=\"more-link\">Continue reading<span class=\"screen-reader-text\"> \u00abM\u00f3dulo de m\u00fasica de coche el\u00e9ctrico para ni\u00f1os, m\u00f3dulo electr\u00f3nico de m\u00fasica de coche de juguete para ni\u00f1os, tablero PCB de m\u00fasica de coche de control remoto de 12V 6V\u00bb<\/span><\/a><\/p>\n","protected":false},"featured_media":3660,"comment_status":"open","ping_status":"closed","template":"","meta":{"_monsterinsights_skip_tracking":false,"_monsterinsights_sitenote_active":false,"_monsterinsights_sitenote_note":"","_monsterinsights_sitenote_category":0,"_uf_show_specific_survey":0,"_uf_disable_surveys":false},"product_brand":[],"product_cat":[80],"product_tag":[],"class_list":{"0":"post-3659","1":"product","2":"type-product","3":"status-publish","4":"has-post-thumbnail","6":"product_cat-montables","8":"first","9":"instock","10":"shipping-taxable","11":"purchasable","12":"product-type-variable"},"_links":{"self":[{"href":"https:\/\/rgturbo.com.co\/index.php\/wp-json\/wp\/v2\/product\/3659","targetHints":{"allow":["GET"]}}],"collection":[{"href":"https:\/\/rgturbo.com.co\/index.php\/wp-json\/wp\/v2\/product"}],"about":[{"href":"https:\/\/rgturbo.com.co\/index.php\/wp-json\/wp\/v2\/types\/product"}],"replies":[{"embeddable":true,"href":"https:\/\/rgturbo.com.co\/index.php\/wp-json\/wp\/v2\/comments?post=3659"}],"wp:featuredmedia":[{"embeddable":true,"href":"https:\/\/rgturbo.com.co\/index.php\/wp-json\/wp\/v2\/media\/3660"}],"wp:attachment":[{"href":"https:\/\/rgturbo.com.co\/index.php\/wp-json\/wp\/v2\/media?parent=3659"}],"wp:term":[{"taxonomy":"product_brand","embeddable":true,"href":"https:\/\/rgturbo.com.co\/index.php\/wp-json\/wp\/v2\/product_brand?post=3659"},{"taxonomy":"product_cat","embeddable":true,"href":"https:\/\/rgturbo.com.co\/index.php\/wp-json\/wp\/v2\/product_cat?post=3659"},{"taxonomy":"product_tag","embeddable":true,"href":"https:\/\/rgturbo.com.co\/index.php\/wp-json\/wp\/v2\/product_tag?post=3659"}],"curies":[{"name":"wp","href":"https:\/\/api.w.org\/{rel}","templated":true}]}}