{"id":3645,"date":"2022-01-07T00:32:22","date_gmt":"2022-01-07T00:32:22","guid":{"rendered":"https:\/\/rgturbo.com.co\/index.php\/product\/cargador-de-coche-a-control-remoto-cargador-de-coche-de-juguete-cargador-de-bateria-de-motocicleta-electrica-para-ninos-cargador-universal-de-6v-12v\/"},"modified":"2022-01-09T01:30:54","modified_gmt":"2022-01-09T01:30:54","slug":"cargador-de-coche-a-control-remoto-cargador-de-coche-de-juguete-cargador-de-bateria-de-motocicleta-electrica-para-ninos-cargador-universal-de-6v-12v","status":"publish","type":"product","link":"https:\/\/rgturbo.com.co\/index.php\/product\/cargador-de-coche-a-control-remoto-cargador-de-coche-de-juguete-cargador-de-bateria-de-motocicleta-electrica-para-ninos-cargador-universal-de-6v-12v\/","title":{"rendered":"Cargador de coche a control remoto, cargador de coche de juguete, cargador de bater\u00eda de motocicleta el\u00e9ctrica para ni\u00f1os, Cargador universal de 6V \/ 12V"},"content":{"rendered":"<p>\u00a0<\/p>\n<div class=\"product-specs-list-container\">\n<ul class=\"product-specs-list util-clearfix\">\n<li class=\"product-prop line-limit-length\"><span class=\"property-title\">Uso:\u00a0<\/span><span class=\"property-desc line-limit-length\">Veh\u00edculos y juguetes a control remoto<\/span><\/li>\n<li class=\"product-prop line-limit-length\"><span class=\"property-title\">Certificaci\u00f3n:\u00a0<\/span><span class=\"property-desc line-limit-length\">CE<\/span><\/li>\n<li class=\"product-prop line-limit-length\"><span class=\"property-title\">Certificaci\u00f3n:\u00a0<\/span><span class=\"property-desc line-limit-length\">FCC<\/span><\/li>\n<li class=\"product-prop line-limit-length\"><span class=\"property-title\">Certificaci\u00f3n:\u00a0<\/span><span class=\"property-desc line-limit-length\">UL<\/span><\/li>\n<\/ul>\n<\/div>\n<div class=\"detailmodule_html\">\n<div class=\"detail-desc-decorate-richtext\">\n<div class=\"detailmodule_text-image\">\n<p class=\"detail-desc-decorate-content\" style=\"font-family: OpenSans; font-size: 14px; font-weight: 300; line-height: 20px; white-space: pre-wrap; color: #000000; margin-bottom: 12px;\">Cargador de reemplazo de 6 voltios para coche. Seguridad Certificada: certificaci\u00f3n UL.<\/p>\n<p>\u2464 Salida: 6VDC 1000MA<\/p>\n<p>\u2464 Cable de alimentaci\u00f3n de 6 pies<\/p>\n<p>\u3001 Cargador r\u00e1pido y reutilizable<\/p>\n<p>\u3001 Se puede utilizar para cargar juguetes de ni\u00f1os de 6V.<\/p>\n<p>\u3001 El LED de dos colores indica la etapa de carga. Carga de luz roja\/luz verde completamente cargada<\/p>\n<p>Con un mecanismo de protecci\u00f3n de carga. No sobrecargar\u00e1 su bater\u00eda. Conducci\u00f3n de 12 voltios en el cargador de reemplazo del coche. Seguridad Certificada: certificaci\u00f3n UL.<\/p>\n<p>\u2464 Salida: 12VDC 1000MA<\/p>\n<p>\u2464 Cable de alimentaci\u00f3n de 6 pies<\/p>\n<p>\u2463 Enchufe de barril positivo central de 2,1mm * 5,5mm<\/p>\n<p>\u3001 Cargador r\u00e1pido y reutilizable<\/p>\n<p>\u3001 Se puede utilizar para cargar juguetes de 12V para ni\u00f1os.<\/p>\n<p>\u3001 El LED de dos colores indica la etapa de carga. Carga de luz roja\/luz verde completamente cargada<\/p>\n<p>Con un mecanismo de protecci\u00f3n de carga. No sobrecargar\u00e1 la bater\u00eda.<\/p>\n<div><img decoding=\"async\" class=\"detail-desc-decorate-image\" src=\"https:\/\/ae01.alicdn.com\/kf\/H0abb17e9dc45481194a9b7a516c5c432J.jpg\" \/><img decoding=\"async\" class=\"detail-desc-decorate-image\" src=\"https:\/\/ae01.alicdn.com\/kf\/H32c4542f3b3048c284ae534f4da35b06a.jpg\" \/><img decoding=\"async\" class=\"detail-desc-decorate-image\" src=\"https:\/\/ae01.alicdn.com\/kf\/Hf3715d8ae1b743998c14a188aa900671P.jpg\" \/><img decoding=\"async\" class=\"detail-desc-decorate-image\" src=\"https:\/\/ae01.alicdn.com\/kf\/H119b124a65b24d56960d5ba3219e25fbv.jpg\" \/><img decoding=\"async\" class=\"detail-desc-decorate-image\" src=\"https:\/\/ae01.alicdn.com\/kf\/H15f8a0ef90dc48e0b948bb6ab92ef3f2o.jpg\" \/><img decoding=\"async\" class=\"detail-desc-decorate-image\" src=\"https:\/\/ae01.alicdn.com\/kf\/Hbf4a2a840a3d4a72a709d7659689b658Y.jpg\" \/><img decoding=\"async\" class=\"detail-desc-decorate-image\" src=\"https:\/\/ae01.alicdn.com\/kf\/H2c8e906e415b478292615718567e0e38Z.jpg\" \/><\/div>\n<\/div>\n<p>\u00a0<\/p>\n<\/div>\n<\/div>\n","protected":false},"excerpt":{"rendered":"<p>\u00a0 Uso:\u00a0Veh\u00edculos y juguetes a control remoto Certificaci\u00f3n:\u00a0CE Certificaci\u00f3n:\u00a0FCC Certificaci\u00f3n:\u00a0UL Cargador de reemplazo de 6 voltios para coche. Seguridad Certificada: certificaci\u00f3n UL. \u2464 Salida: 6VDC 1000MA \u2464 Cable de alimentaci\u00f3n de 6 pies \u3001 Cargador r\u00e1pido y reutilizable \u3001 Se puede utilizar para cargar juguetes de ni\u00f1os de 6V. \u3001 El LED de dos colores &hellip; <\/p>\n<p class=\"link-more\"><a href=\"https:\/\/rgturbo.com.co\/index.php\/product\/cargador-de-coche-a-control-remoto-cargador-de-coche-de-juguete-cargador-de-bateria-de-motocicleta-electrica-para-ninos-cargador-universal-de-6v-12v\/\" class=\"more-link\">Continue reading<span class=\"screen-reader-text\"> \u00abCargador de coche a control remoto, cargador de coche de juguete, cargador de bater\u00eda de motocicleta el\u00e9ctrica para ni\u00f1os, Cargador universal de 6V \/ 12V\u00bb<\/span><\/a><\/p>\n","protected":false},"featured_media":3646,"comment_status":"open","ping_status":"closed","template":"","meta":{"_monsterinsights_skip_tracking":false,"_monsterinsights_sitenote_active":false,"_monsterinsights_sitenote_note":"","_monsterinsights_sitenote_category":0,"_uf_show_specific_survey":0,"_uf_disable_surveys":false},"product_brand":[],"product_cat":[80],"product_tag":[197,198],"class_list":{"0":"post-3645","1":"product","2":"type-product","3":"status-publish","4":"has-post-thumbnail","6":"product_cat-montables","7":"product_tag-cargador-de-bateria","8":"product_tag-cargador-para-carros-electricos-de-ninos","10":"first","11":"instock","12":"shipping-taxable","13":"purchasable","14":"product-type-variable"},"_links":{"self":[{"href":"https:\/\/rgturbo.com.co\/index.php\/wp-json\/wp\/v2\/product\/3645","targetHints":{"allow":["GET"]}}],"collection":[{"href":"https:\/\/rgturbo.com.co\/index.php\/wp-json\/wp\/v2\/product"}],"about":[{"href":"https:\/\/rgturbo.com.co\/index.php\/wp-json\/wp\/v2\/types\/product"}],"replies":[{"embeddable":true,"href":"https:\/\/rgturbo.com.co\/index.php\/wp-json\/wp\/v2\/comments?post=3645"}],"wp:featuredmedia":[{"embeddable":true,"href":"https:\/\/rgturbo.com.co\/index.php\/wp-json\/wp\/v2\/media\/3646"}],"wp:attachment":[{"href":"https:\/\/rgturbo.com.co\/index.php\/wp-json\/wp\/v2\/media?parent=3645"}],"wp:term":[{"taxonomy":"product_brand","embeddable":true,"href":"https:\/\/rgturbo.com.co\/index.php\/wp-json\/wp\/v2\/product_brand?post=3645"},{"taxonomy":"product_cat","embeddable":true,"href":"https:\/\/rgturbo.com.co\/index.php\/wp-json\/wp\/v2\/product_cat?post=3645"},{"taxonomy":"product_tag","embeddable":true,"href":"https:\/\/rgturbo.com.co\/index.php\/wp-json\/wp\/v2\/product_tag?post=3645"}],"curies":[{"name":"wp","href":"https:\/\/api.w.org\/{rel}","templated":true}]}}