{"id":3628,"date":"2022-01-06T23:58:47","date_gmt":"2022-01-06T23:58:47","guid":{"rendered":"https:\/\/rgturbo.com.co\/index.php\/product\/controlador-de-vehiculo-electrico-multifuncional-para-ninos-consola-central-para-montar-en-coche-mp3-24v-s9088\/"},"modified":"2022-01-06T23:58:50","modified_gmt":"2022-01-06T23:58:50","slug":"controlador-de-vehiculo-electrico-multifuncional-para-ninos-consola-central-para-montar-en-coche-mp3-24v-s9088","status":"publish","type":"product","link":"https:\/\/rgturbo.com.co\/index.php\/product\/controlador-de-vehiculo-electrico-multifuncional-para-ninos-consola-central-para-montar-en-coche-mp3-24v-s9088\/","title":{"rendered":"Controlador de veh\u00edculo el\u00e9ctrico multifuncional para ni\u00f1os, consola central para montar en coche, MP3, 24V, S9088"},"content":{"rendered":"<p>\u00a0<\/p>\n<div class=\"product-specs-list-container\">\n<ul class=\"product-specs-list util-clearfix\">\n<li class=\"product-prop line-limit-length\"><span class=\"property-title\">Tipo de suministro:\u00a0<\/span><span class=\"property-desc line-limit-length\">Para montaje<\/span><\/li>\n<li class=\"product-prop line-limit-length\"><span class=\"property-title\">Piezas mejoradas:\u00a0<\/span><span class=\"property-desc line-limit-length\">CVD<\/span><\/li>\n<li class=\"product-prop line-limit-length\"><span class=\"property-title\">RC Partes y Accesorios:\u00a0<\/span><span class=\"property-desc line-limit-length\">Conectores\/Cableado<\/span><\/li>\n<li class=\"product-prop line-limit-length\"><span class=\"property-title\">Uso:\u00a0<\/span><span class=\"property-desc line-limit-length\">Veh\u00edculos y juguetes a control remoto<\/span><\/li>\n<li class=\"product-prop line-limit-length\"><span class=\"property-title\">Cantidad:\u00a0<\/span><span class=\"property-desc line-limit-length\">1<\/span><\/li>\n<li class=\"product-prop line-limit-length\"><span class=\"property-title\">Par\u00e1metros t\u00e9cnicos:\u00a0<\/span><span class=\"property-desc line-limit-length\">KV1100<\/span><\/li>\n<li class=\"product-prop line-limit-length\"><span class=\"property-title\">N\u00famero de modelo:\u00a0<\/span><span class=\"property-desc line-limit-length\">S9088<\/span><\/li>\n<li class=\"product-prop line-limit-length\"><span class=\"property-title\">Tipo de dispositivo de control remoto:\u00a0<\/span><span class=\"property-desc line-limit-length\">RECEPTORES<\/span><\/li>\n<li class=\"product-prop line-limit-length\"><span class=\"property-title\">Compatible con veh\u00edculos del tipo:\u00a0<\/span><span class=\"property-desc line-limit-length\">Coches<\/span><\/li>\n<li class=\"product-prop line-limit-length\"><span class=\"property-title\">Caracter\u00edsticas de la tracci\u00f3n a las cuatro ruedas:\u00a0<\/span><span class=\"property-desc line-limit-length\">MONTAJE<\/span><\/li>\n<\/ul>\n<\/div>\n<div class=\"detailmodule_html\">\n<div class=\"detail-desc-decorate-richtext\">\n<p><img decoding=\"async\" src=\"https:\/\/ae01.alicdn.com\/kf\/H6e8a70fd74d847ac9ebb4e3e83a3b811Z.jpg\" \/><\/p>\n<p><img decoding=\"async\" src=\"https:\/\/ae01.alicdn.com\/kf\/H3cff6f7909b04661b3ec8e68d64604c9K.jpg\" \/><img decoding=\"async\" src=\"https:\/\/ae01.alicdn.com\/kf\/H4238c88e190245569703a22eeae4552de.jpg\" \/><\/p>\n<p><img decoding=\"async\" src=\"https:\/\/ae01.alicdn.com\/kf\/He8db2ac29ff041a09e45b8b8b5d7c99eV.jpg\" \/><img decoding=\"async\" src=\"https:\/\/ae01.alicdn.com\/kf\/H123b0bc1a83b48ae84d8dc24f8733760b.jpg\" \/><\/p>\n<\/div>\n<\/div>\n","protected":false},"excerpt":{"rendered":"<p>\u00a0 Tipo de suministro:\u00a0Para montaje Piezas mejoradas:\u00a0CVD RC Partes y Accesorios:\u00a0Conectores\/Cableado Uso:\u00a0Veh\u00edculos y juguetes a control remoto Cantidad:\u00a01 Par\u00e1metros t\u00e9cnicos:\u00a0KV1100 N\u00famero de modelo:\u00a0S9088 Tipo de dispositivo de control remoto:\u00a0RECEPTORES Compatible con veh\u00edculos del tipo:\u00a0Coches Caracter\u00edsticas de la tracci\u00f3n a las cuatro ruedas:\u00a0MONTAJE<\/p>\n","protected":false},"featured_media":3629,"comment_status":"open","ping_status":"closed","template":"","meta":{"_monsterinsights_skip_tracking":false,"_monsterinsights_sitenote_active":false,"_monsterinsights_sitenote_note":"","_monsterinsights_sitenote_category":0,"_uf_show_specific_survey":0,"_uf_disable_surveys":false},"product_brand":[],"product_cat":[80],"product_tag":[192],"class_list":{"0":"post-3628","1":"product","2":"type-product","3":"status-publish","4":"has-post-thumbnail","6":"product_cat-montables","7":"product_tag-tablero-de-control-para-carro-electrico","9":"first","10":"instock","11":"shipping-taxable","12":"purchasable","13":"product-type-variable"},"_links":{"self":[{"href":"https:\/\/rgturbo.com.co\/index.php\/wp-json\/wp\/v2\/product\/3628","targetHints":{"allow":["GET"]}}],"collection":[{"href":"https:\/\/rgturbo.com.co\/index.php\/wp-json\/wp\/v2\/product"}],"about":[{"href":"https:\/\/rgturbo.com.co\/index.php\/wp-json\/wp\/v2\/types\/product"}],"replies":[{"embeddable":true,"href":"https:\/\/rgturbo.com.co\/index.php\/wp-json\/wp\/v2\/comments?post=3628"}],"wp:featuredmedia":[{"embeddable":true,"href":"https:\/\/rgturbo.com.co\/index.php\/wp-json\/wp\/v2\/media\/3629"}],"wp:attachment":[{"href":"https:\/\/rgturbo.com.co\/index.php\/wp-json\/wp\/v2\/media?parent=3628"}],"wp:term":[{"taxonomy":"product_brand","embeddable":true,"href":"https:\/\/rgturbo.com.co\/index.php\/wp-json\/wp\/v2\/product_brand?post=3628"},{"taxonomy":"product_cat","embeddable":true,"href":"https:\/\/rgturbo.com.co\/index.php\/wp-json\/wp\/v2\/product_cat?post=3628"},{"taxonomy":"product_tag","embeddable":true,"href":"https:\/\/rgturbo.com.co\/index.php\/wp-json\/wp\/v2\/product_tag?post=3628"}],"curies":[{"name":"wp","href":"https:\/\/api.w.org\/{rel}","templated":true}]}}