{"id":3621,"date":"2022-01-06T23:54:01","date_gmt":"2022-01-06T23:54:01","guid":{"rendered":"https:\/\/rgturbo.com.co\/index.php\/product\/pedal-de-coche-de-juguete-para-ninos-reemplazo-de-interruptor-de-control-de-reinicio-duradero-6v-12v\/"},"modified":"2022-01-06T23:54:03","modified_gmt":"2022-01-06T23:54:03","slug":"pedal-de-coche-de-juguete-para-ninos-reemplazo-de-interruptor-de-control-de-reinicio-duradero-6v-12v","status":"publish","type":"product","link":"https:\/\/rgturbo.com.co\/index.php\/product\/pedal-de-coche-de-juguete-para-ninos-reemplazo-de-interruptor-de-control-de-reinicio-duradero-6v-12v\/","title":{"rendered":"Pedal de coche de juguete para ni\u00f1os, reemplazo de interruptor de Control de reinicio duradero, 6V\/12V"},"content":{"rendered":"<p>\u00a0<\/p>\n<div class=\"product-specs-list-container\">\n<p>\u00a0<\/p>\n<ul class=\"product-specs-list util-clearfix\">\n<li class=\"product-prop line-limit-length\"><span class=\"property-title\">Caracter\u00edsticas:\u00a0<\/span><span class=\"property-desc line-limit-length\">Foot Switch<\/span><\/li>\n<li class=\"product-prop line-limit-length\"><span class=\"property-title\">Material:\u00a0<\/span><span class=\"property-desc line-limit-length\">Pl\u00e1stico<\/span><\/li>\n<li class=\"product-prop line-limit-length\"><span class=\"property-title\">Garant\u00eda:\u00a0<\/span><span class=\"property-desc line-limit-length\">1<\/span><\/li>\n<li class=\"product-prop line-limit-length\"><span class=\"property-title\">N\u00famero de modelo:\u00a0<\/span><span class=\"property-desc line-limit-length\">Reset-Control Switch<\/span><\/li>\n<li class=\"product-prop line-limit-length\"><span class=\"property-title\">Tipo de interruptor:\u00a0<\/span><span class=\"property-desc line-limit-length\">Interruptor de presion<\/span><\/li>\n<\/ul>\n<\/div>\n<div class=\"detailmodule_html\">\n<div class=\"detail-desc-decorate-richtext\">\n<p>\u00a0<\/p>\n<p>BI0003130<\/p>\n<p><strong><span style=\"font-size: 14.0px;\">Especificaciones:<\/span><\/strong><\/p>\n<ul>\n<li>\n<p><span style=\"font-size: 14.0px;\">Nuevo<\/span><\/p>\n<\/li>\n<li>\n<p><span style=\"font-size: 14.0px;\">Material: pl\u00e1stico<\/span><\/p>\n<\/li>\n<li>\n<p><span style=\"font-size: 14.0px;\">Color: color aleatorio<br \/><\/span><\/p>\n<\/li>\n<li>\n<p><span style=\"font-size: 14.0px;\">Tama\u00f1o: aprox. 70x42x33mm<\/span><\/p>\n<\/li>\n<\/ul>\n<p><span style=\"font-size: 14.0px;\"><br \/><strong>El paquete incluye:<\/strong><\/span><\/p>\n<ul>\n<li>\n<p><span style=\"font-size: 14.0px;\">1 ud. x interruptor de pie<span style=\"font-size: 14.0px; color: #ff0000;\">(<span style=\"font-size: 14.0px;\">El patr\u00f3n se enviar\u00e1 al azar<\/span>)<\/span><\/span><\/p>\n<\/li>\n<\/ul>\n<p><span style=\"font-size: 14.0px; color: #ff0000;\"><br \/><strong>Nota:<\/strong><\/span><\/p>\n<ul>\n<li>\n<p><span style=\"font-size: 14.0px; color: #ff0000;\">El interruptor del pedal del acelerador es el interruptor de reinicio autom\u00e1tico de los veh\u00edculos el\u00e9ctricos que pueden estar a pie hacia abajo. Si se afloja, los coches el\u00e9ctricos se detendr\u00e1n lentamente.<\/span><\/p>\n<\/li>\n<li>\n<p><span style=\"font-size: 14.0px; color: #ff0000;\">Permita errores de 1-5mm debido a la medici\u00f3n manual.<\/span><\/p>\n<\/li>\n<li>\n<p><span style=\"font-size: 14.0px; color: #ff0000;\">El color del art\u00edculo que se muestra en las fotos puede verse ligeramente diferente en el monitor de su ordenador, ya que los monitores no est\u00e1n calibrados del mismo modo.<\/span><\/p>\n<\/li>\n<\/ul>\n<div>\n<p><img decoding=\"async\" src=\"https:\/\/ae01.alicdn.com\/kf\/HTB1gOlHdmSD3KVjSZFKq6z10VXaK.jpg\" \/><\/p>\n<p><img decoding=\"async\" src=\"https:\/\/ae01.alicdn.com\/kf\/HTB1LZBFdf1H3KVjSZFHq6zKppXaT.jpg\" \/><\/p>\n<p><img decoding=\"async\" src=\"https:\/\/ae01.alicdn.com\/kf\/HTB1RjGTavBj_uVjSZFpq6A0SXXaA.jpg\" \/><\/p>\n<p><img decoding=\"async\" src=\"https:\/\/ae01.alicdn.com\/kf\/HTB1U70Hdf1G3KVjSZFkq6yK4XXaz.jpg\" \/><\/p>\n<p><img decoding=\"async\" src=\"https:\/\/ae01.alicdn.com\/kf\/HTB1XzFFdgaH3KVjSZFjq6AFWpXaW.jpg\" \/><\/p>\n<p><img decoding=\"async\" src=\"https:\/\/ae01.alicdn.com\/kf\/HTB15tlHdlWD3KVjSZFsq6AqkpXaW.jpg\" \/><\/p>\n<p><img decoding=\"async\" src=\"https:\/\/ae01.alicdn.com\/kf\/HTB1LOXHdmSD3KVjSZFKq6z10VXaS.jpg\" \/><\/p>\n<\/div>\n<p><img decoding=\"async\" src=\"https:\/\/ae01.alicdn.com\/kf\/HTB1XydzXtzvK1RkSnfoq6zMwVXae.jpg\" alt=\"1.jpg\" \/><img decoding=\"async\" src=\"https:\/\/ae01.alicdn.com\/kf\/HTB15FVyXsfrK1RkSmLyq6xGApXaH.jpg\" alt=\"4.jpg\" \/><\/p>\n<\/div>\n<\/div>\n","protected":false},"excerpt":{"rendered":"<p>\u00a0 \u00a0 Caracter\u00edsticas:\u00a0Foot Switch Material:\u00a0Pl\u00e1stico Garant\u00eda:\u00a01 N\u00famero de modelo:\u00a0Reset-Control Switch Tipo de interruptor:\u00a0Interruptor de presion \u00a0 BI0003130 Especificaciones: Nuevo Material: pl\u00e1stico Color: color aleatorio Tama\u00f1o: aprox. 70x42x33mm El paquete incluye: 1 ud. x interruptor de pie(El patr\u00f3n se enviar\u00e1 al azar) Nota: El interruptor del pedal del acelerador es el interruptor de reinicio autom\u00e1tico de &hellip; <\/p>\n<p class=\"link-more\"><a href=\"https:\/\/rgturbo.com.co\/index.php\/product\/pedal-de-coche-de-juguete-para-ninos-reemplazo-de-interruptor-de-control-de-reinicio-duradero-6v-12v\/\" class=\"more-link\">Continue reading<span class=\"screen-reader-text\"> \u00abPedal de coche de juguete para ni\u00f1os, reemplazo de interruptor de Control de reinicio duradero, 6V\/12V\u00bb<\/span><\/a><\/p>\n","protected":false},"featured_media":3622,"comment_status":"open","ping_status":"closed","template":"","meta":{"_monsterinsights_skip_tracking":false,"_monsterinsights_sitenote_active":false,"_monsterinsights_sitenote_note":"","_monsterinsights_sitenote_category":0,"_uf_show_specific_survey":0,"_uf_disable_surveys":false},"product_brand":[],"product_cat":[80],"product_tag":[185,186],"class_list":{"0":"post-3621","1":"product","2":"type-product","3":"status-publish","4":"has-post-thumbnail","6":"product_cat-montables","7":"product_tag-pedal-para-coche-electrico-de-ninos","8":"product_tag-suiche-pedal-para-carros-de-bateria","10":"first","11":"instock","12":"shipping-taxable","13":"purchasable","14":"product-type-simple"},"_links":{"self":[{"href":"https:\/\/rgturbo.com.co\/index.php\/wp-json\/wp\/v2\/product\/3621","targetHints":{"allow":["GET"]}}],"collection":[{"href":"https:\/\/rgturbo.com.co\/index.php\/wp-json\/wp\/v2\/product"}],"about":[{"href":"https:\/\/rgturbo.com.co\/index.php\/wp-json\/wp\/v2\/types\/product"}],"replies":[{"embeddable":true,"href":"https:\/\/rgturbo.com.co\/index.php\/wp-json\/wp\/v2\/comments?post=3621"}],"wp:featuredmedia":[{"embeddable":true,"href":"https:\/\/rgturbo.com.co\/index.php\/wp-json\/wp\/v2\/media\/3622"}],"wp:attachment":[{"href":"https:\/\/rgturbo.com.co\/index.php\/wp-json\/wp\/v2\/media?parent=3621"}],"wp:term":[{"taxonomy":"product_brand","embeddable":true,"href":"https:\/\/rgturbo.com.co\/index.php\/wp-json\/wp\/v2\/product_brand?post=3621"},{"taxonomy":"product_cat","embeddable":true,"href":"https:\/\/rgturbo.com.co\/index.php\/wp-json\/wp\/v2\/product_cat?post=3621"},{"taxonomy":"product_tag","embeddable":true,"href":"https:\/\/rgturbo.com.co\/index.php\/wp-json\/wp\/v2\/product_tag?post=3621"}],"curies":[{"name":"wp","href":"https:\/\/api.w.org\/{rel}","templated":true}]}}