{"id":3590,"date":"2022-01-06T02:53:38","date_gmt":"2022-01-06T02:53:38","guid":{"rendered":"https:\/\/rgturbo.com.co\/index.php\/product\/pedal-de-aceleracion-de-pie-kit-de-pedal-de-control-de-velocidad-de-acelerador-reemplazo-para-coche-electrico-scooter-barco-mini-bicicleta-quad-go-kart\/"},"modified":"2022-01-06T02:53:41","modified_gmt":"2022-01-06T02:53:41","slug":"pedal-de-aceleracion-de-pie-kit-de-pedal-de-control-de-velocidad-de-acelerador-reemplazo-para-coche-electrico-scooter-barco-mini-bicicleta-quad-go-kart","status":"publish","type":"product","link":"https:\/\/rgturbo.com.co\/index.php\/product\/pedal-de-aceleracion-de-pie-kit-de-pedal-de-control-de-velocidad-de-acelerador-reemplazo-para-coche-electrico-scooter-barco-mini-bicicleta-quad-go-kart\/","title":{"rendered":"Pedal de aceleraci\u00f3n de pie, Kit de Pedal de Control de velocidad de acelerador, reemplazo para coche el\u00e9ctrico, Scooter, barco, Mini bicicleta, Quad, Go-Kart"},"content":{"rendered":"<p>\u00a0<\/p>\n<div class=\"product-specs-list-container\">\n<ul class=\"product-specs-list util-clearfix\">\n<li class=\"product-prop line-limit-length\"><span class=\"property-title\">Tipo de art\u00edculo:\u00a0<\/span><span class=\"property-desc line-limit-length\">Pedales<\/span><\/li>\n<\/ul>\n<\/div>\n<div class=\"detailmodule_html\">\n<div class=\"detail-desc-decorate-richtext\">\n<div class=\"detailmodule_html\">\n<div class=\"detail-desc-decorate-richtext\">\n<p><strong><span style=\"font-size: 20px; font-family: 'Times New Roman';\">DETALLES:<\/span><\/strong><\/p>\n<p><span style=\"font-size: 20px; font-family: 'Times New Roman';\">* 100% nuevo y de alta calidad<\/span><\/p>\n<p><span style=\"font-size: 20px; font-family: 'Times New Roman';\">* Hecho de material de alta calidad, duradero y pr\u00e1ctico de usar.<\/span><\/p>\n<p><span style=\"font-size: 20px; font-family: 'Times New Roman';\">* Montaje: Universal para bicicletas el\u00e9ctricas, scooters<\/span><\/p>\n<p><span style=\"font-size: 20px; font-family: 'Times New Roman';\">* Reemplazar directamente<\/span><\/p>\n<p><span style=\"font-size: 20px; font-family: 'Times New Roman';\">* Material: pl\u00e1stico<\/span><\/p>\n<p><span style=\"font-size: 20px; font-family: 'Times New Roman';\">* Color: negro (como muestran las im\u00e1genes)<\/span><\/p>\n<p><span style=\"font-size: 20px; font-family: 'Times New Roman';\">* Tama\u00f1o: Longitud: 9,5 cm, ancho: 5,5 cm, desde la parte m\u00e1s alta hasta la m\u00e1s baja: 5,5 cm (aprox.)<\/span><\/p>\n<p><span style=\"font-size: 20px; font-family: 'Times New Roman';\">* Peso: 125g (aprox.)<\/span><\/p>\n<p><span style=\"font-size: 20px; font-family: 'Times New Roman';\">* Cableado:<\/span><\/p>\n<p><span class=\"VIiyi\"><span class=\"JLqJ4b ChMk0b\">Medidor de voltaje<\/span><\/span>: 12-60V<\/p>\n<p><span style=\"font-size: 20px; font-family: 'Times New Roman';\">Negro-negativo<\/span><\/p>\n<p><span style=\"font-size: 20px; font-family: 'Times New Roman';\">Rojo-positivo<\/span><\/p>\n<p><span style=\"font-size: 20px; font-family: 'Times New Roman';\">Se\u00f1al de velocidad verde<\/span><\/p>\n<p>\u00a0<\/p>\n<p><strong><span style=\"font-size: 20px; font-family: 'Times New Roman';\">Contenido del paquete:<\/span><\/strong><\/p>\n<p><span style=\"font-size: 20px; font-family: 'Times New Roman';\">1 x Pedal del acelerador<br \/><\/span><\/p>\n<p><span style=\"font-size: 20px; font-family: 'Times New Roman';\">\u00a0<\/span><\/p>\n<p><strong><span style=\"font-size: 20px; font-family: 'Times New Roman';\">Nota:<\/span><\/strong><\/p>\n<p><span style=\"font-size: 20px; font-family: 'Times New Roman';\">1. El color real del art\u00edculo puede ser ligeramente diferente al de las im\u00e1genes mostradas en el sitio web debido a muchos factores como el brillo de su monitor y la luz.<\/span><\/p>\n<p><span style=\"font-size: 20px; font-family: 'Times New Roman';\">2. Permita una ligera desviaci\u00f3n de medici\u00f3n manual (\u00b1 2cm) en los datos.<\/span><\/p>\n<p>\u00a0<\/p>\n<div><img decoding=\"async\" src=\"https:\/\/ae01.alicdn.com\/kf\/Hf510fd283138486495bfbdf76e930716e.jpeg\" \/><img decoding=\"async\" src=\"https:\/\/ae01.alicdn.com\/kf\/H3751055334754d1da6f09cae3557c52e7.jpeg\" \/><img decoding=\"async\" src=\"https:\/\/ae01.alicdn.com\/kf\/H057d91ce2094454bb7efd3b74a2fa3c3Z.jpeg\" \/><img decoding=\"async\" src=\"https:\/\/ae01.alicdn.com\/kf\/H7f09cde07b9b4b87a1e6ff07166f1ea27.jpeg\" \/><img decoding=\"async\" src=\"https:\/\/ae01.alicdn.com\/kf\/H1b1d9fa283db410cafcaaf0c3e06d4a5o.jpeg\" \/><img decoding=\"async\" src=\"https:\/\/ae01.alicdn.com\/kf\/H19b1ffb4e2074a36a9c74ee421c93fb9T.jpeg\" \/><img decoding=\"async\" src=\"https:\/\/ae01.alicdn.com\/kf\/H4b1ae270811e456b869dd73d0a028445L.jpeg\" \/><\/div>\n<\/div>\n<\/div>\n<p>\u00a0<\/p>\n<\/div>\n<\/div>\n","protected":false},"excerpt":{"rendered":"<p>\u00a0 Tipo de art\u00edculo:\u00a0Pedales DETALLES: * 100% nuevo y de alta calidad * Hecho de material de alta calidad, duradero y pr\u00e1ctico de usar. * Montaje: Universal para bicicletas el\u00e9ctricas, scooters * Reemplazar directamente * Material: pl\u00e1stico * Color: negro (como muestran las im\u00e1genes) * Tama\u00f1o: Longitud: 9,5 cm, ancho: 5,5 cm, desde la parte &hellip; <\/p>\n<p class=\"link-more\"><a href=\"https:\/\/rgturbo.com.co\/index.php\/product\/pedal-de-aceleracion-de-pie-kit-de-pedal-de-control-de-velocidad-de-acelerador-reemplazo-para-coche-electrico-scooter-barco-mini-bicicleta-quad-go-kart\/\" class=\"more-link\">Continue reading<span class=\"screen-reader-text\"> \u00abPedal de aceleraci\u00f3n de pie, Kit de Pedal de Control de velocidad de acelerador, reemplazo para coche el\u00e9ctrico, Scooter, barco, Mini bicicleta, Quad, Go-Kart\u00bb<\/span><\/a><\/p>\n","protected":false},"featured_media":3591,"comment_status":"open","ping_status":"closed","template":"","meta":{"_monsterinsights_skip_tracking":false,"_monsterinsights_sitenote_active":false,"_monsterinsights_sitenote_note":"","_monsterinsights_sitenote_category":0,"_uf_show_specific_survey":0,"_uf_disable_surveys":false},"product_brand":[],"product_cat":[80],"product_tag":[183,182],"class_list":{"0":"post-3590","1":"product","2":"type-product","3":"status-publish","4":"has-post-thumbnail","6":"product_cat-montables","7":"product_tag-carritos-de-juguete-montables","8":"product_tag-pedal-para-carro-de-bateria","10":"first","11":"instock","12":"shipping-taxable","13":"purchasable","14":"product-type-variable"},"_links":{"self":[{"href":"https:\/\/rgturbo.com.co\/index.php\/wp-json\/wp\/v2\/product\/3590","targetHints":{"allow":["GET"]}}],"collection":[{"href":"https:\/\/rgturbo.com.co\/index.php\/wp-json\/wp\/v2\/product"}],"about":[{"href":"https:\/\/rgturbo.com.co\/index.php\/wp-json\/wp\/v2\/types\/product"}],"replies":[{"embeddable":true,"href":"https:\/\/rgturbo.com.co\/index.php\/wp-json\/wp\/v2\/comments?post=3590"}],"wp:featuredmedia":[{"embeddable":true,"href":"https:\/\/rgturbo.com.co\/index.php\/wp-json\/wp\/v2\/media\/3591"}],"wp:attachment":[{"href":"https:\/\/rgturbo.com.co\/index.php\/wp-json\/wp\/v2\/media?parent=3590"}],"wp:term":[{"taxonomy":"product_brand","embeddable":true,"href":"https:\/\/rgturbo.com.co\/index.php\/wp-json\/wp\/v2\/product_brand?post=3590"},{"taxonomy":"product_cat","embeddable":true,"href":"https:\/\/rgturbo.com.co\/index.php\/wp-json\/wp\/v2\/product_cat?post=3590"},{"taxonomy":"product_tag","embeddable":true,"href":"https:\/\/rgturbo.com.co\/index.php\/wp-json\/wp\/v2\/product_tag?post=3590"}],"curies":[{"name":"wp","href":"https:\/\/api.w.org\/{rel}","templated":true}]}}