{"id":3110,"date":"2022-01-04T00:38:06","date_gmt":"2022-01-04T00:38:06","guid":{"rendered":"https:\/\/rgturbo.com.co\/index.php\/product\/caja-de-engranajes-de-motor-electrico-para-ninos-12v-23000rmp-para-bmw-audi-tt-hummer-1-par-nuevo\/"},"modified":"2022-01-04T02:16:02","modified_gmt":"2022-01-04T02:16:02","slug":"caja-de-engranajes-de-motor-electrico-para-ninos-12v-23000rmp-para-bmw-audi-tt-hummer-1-par-nuevo","status":"publish","type":"product","link":"https:\/\/rgturbo.com.co\/index.php\/product\/caja-de-engranajes-de-motor-electrico-para-ninos-12v-23000rmp-para-bmw-audi-tt-hummer-1-par-nuevo\/","title":{"rendered":"Caja de engranajes de Motor el\u00e9ctrico para ni\u00f1os, 12V, 23000RMP, para BMW\/Audi TT Hummer, 1 par, nuevo"},"content":{"rendered":"<p>&nbsp;<\/p>\n<div class=\"product-specs-list-container\">\n<ul class=\"product-specs-list util-clearfix\">\n<li class=\"product-prop line-limit-length\">Par de motores el\u00e9ctricos para autos montables de bateria de 12 voltios<\/li>\n<\/ul>\n<\/div>\n<p>Caja de engranajes de Motor el\u00e9ctrico para ni\u00f1os, caja de cambios de 12V, 23000RPM, piezas de repuesto<\/p>\n<p>\u25b2 Especificaci\u00f3n<br \/>\nModelo: 455279<br \/>\nColor: Negro<br \/>\nLongitud aproximada: 19cm<br \/>\nAncho aproximado: 9,2 cm<br \/>\nDi\u00e1metro interior: 1,2 cm<br \/>\nVoltaje: 12V<br \/>\nVelocidad: 23000RPM<br \/>\nSubtipo: Bater\u00eda\/el\u00e9ctrica<br \/>\nTipo: bicicletas a bater\u00eda\/Paseos<br \/>\nPara tipo de bicicleta: bicicleta el\u00e9ctrica<\/p>\n<p>\u25b2 Caracter\u00edsticas<br \/>\n-Nuevo y de alta calidad.<br \/>\n-Caja de engranajes de Motor trasero de coche el\u00e9ctrico para ni\u00f1os, pieza de repuesto de uso especial<\/p>\n<p>\u25b2 Nota<br \/>\n1. Proporcionamos im\u00e1genes claras, medidas siempre que sea posible. Comprueba tanto como sea posible para asegurarte de que el art\u00edculo es el que necesitas.<br \/>\n2. Permita una diferencia de 0,5-1 pulgada debido a la medici\u00f3n manual.(1 pulgada = 2,54 cm)<br \/>\n3. El color de los art\u00edculos reales puede ser ligeramente diferente al de las im\u00e1genes de la lista debido a las diferentes pantallas de ordenador, gracias por su comprensi\u00f3n.<br \/>\n4. Las instrucciones no est\u00e1n incluidas. \u00a1Se recomienda encarecidamente la instalaci\u00f3n profesional!<\/p>\n<p>\u25b2 Paquete incluido<br \/>\n2 x caja de engranajes de Motor el\u00e9ctrico<br \/>\n<img decoding=\"async\" src=\"https:\/\/ae01.alicdn.com\/kf\/Hf60c3c9ad3774cc7818f1df7e2190ec3E.jpg?width=960&amp;height=70&amp;hash=1030\" \/><br \/>\n<span style=\"font-family: arial , helvetica , sans-serif;\"><img decoding=\"async\" style=\"display: inline-block;\" src=\"https:\/\/ae01.alicdn.com\/kf\/H789308d217bd4a4da7e4d21c6e826ed3H.jpg?width=1200&amp;height=1200&amp;hash=2400\" \/><img decoding=\"async\" style=\"display: inline-block;\" src=\"https:\/\/ae01.alicdn.com\/kf\/H5068718857f84355b2a8c5eaf31445fbE.jpg?width=1200&amp;height=1200&amp;hash=2400\" \/><img decoding=\"async\" style=\"display: inline-block;\" src=\"https:\/\/ae01.alicdn.com\/kf\/H8aa73276682749c0bc51b39bdf91adffE.jpg?width=1200&amp;height=1200&amp;hash=2400\" \/> <img decoding=\"async\" src=\"https:\/\/ae01.alicdn.com\/kf\/H765548c61899483caadb72627d9686e2p.jpg?width=960&amp;height=70&amp;hash=1030\" \/><\/span><br \/>\n<span style=\"font-family: arial , helvetica , sans-serif;\">{Infomodule}<\/span><\/p>\n<p><img decoding=\"async\" src=\"https:\/\/ae01.alicdn.com\/kf\/H2f01f977489d4c61aa791461d7758d21d.jpg?width=960&amp;height=69&amp;hash=1029\" \/><\/p>\n<p><span style=\"font-size: 18.0px;\"><strong>Tiempo de env\u00edo<\/strong><br \/>\nLos pedidos se procesan dentro de 1-2 d\u00edas h\u00e1biles despu\u00e9s de realizar su compra (excepto fines de semana).<\/span><\/p>\n<p><span style=\"font-size: 18.0px;\">Espera 24-48 horas para que tus detalles de seguimiento se actualicen.<\/span><\/p>\n<p><strong><span style=\"font-size: 18.0px;\">Y ES<\/span><\/strong><\/p>\n<p><span style=\"font-size: 18.0px;\">Dado que y es var\u00edan por pa\u00eds y por lo que se pidi\u00f3, no podemos suministrar un<br \/>\nCoste estimado.<span style=\"color: #ff0000;\">Pero usamos declarar con bajo valor para evitar pagar altos.<\/span><br \/>\nSi tienes alg\u00fan requisito especial cuando realices el pedido, d\u00e9janos un mensaje.<\/span><\/p>\n<p><span style=\"font-size: 18.0px;\"><span style=\"color: #ff0000;\">\u25b3Los gastos de env\u00edo y es no ser\u00e1n reembolsados por paquetes rechazados debido al IVA\/.<\/span><\/span><\/p>\n<p>&nbsp;<\/p>\n","protected":false},"excerpt":{"rendered":"<p>motor el\u00e9ctrico para carros montables de ni\u00f1os y ni\u00f1as, repuestos para carros de bateria, motor de 12 voltios<\/p>\n","protected":false},"featured_media":3111,"comment_status":"open","ping_status":"closed","template":"","meta":{"_monsterinsights_skip_tracking":false,"_monsterinsights_sitenote_active":false,"_monsterinsights_sitenote_note":"","_monsterinsights_sitenote_category":0,"_uf_show_specific_survey":0,"_uf_disable_surveys":false},"product_brand":[],"product_cat":[80],"product_tag":[],"class_list":{"0":"post-3110","1":"product","2":"type-product","3":"status-publish","4":"has-post-thumbnail","6":"product_cat-montables","8":"first","9":"instock","10":"shipping-taxable","11":"purchasable","12":"product-type-simple"},"_links":{"self":[{"href":"https:\/\/rgturbo.com.co\/index.php\/wp-json\/wp\/v2\/product\/3110","targetHints":{"allow":["GET"]}}],"collection":[{"href":"https:\/\/rgturbo.com.co\/index.php\/wp-json\/wp\/v2\/product"}],"about":[{"href":"https:\/\/rgturbo.com.co\/index.php\/wp-json\/wp\/v2\/types\/product"}],"replies":[{"embeddable":true,"href":"https:\/\/rgturbo.com.co\/index.php\/wp-json\/wp\/v2\/comments?post=3110"}],"wp:featuredmedia":[{"embeddable":true,"href":"https:\/\/rgturbo.com.co\/index.php\/wp-json\/wp\/v2\/media\/3111"}],"wp:attachment":[{"href":"https:\/\/rgturbo.com.co\/index.php\/wp-json\/wp\/v2\/media?parent=3110"}],"wp:term":[{"taxonomy":"product_brand","embeddable":true,"href":"https:\/\/rgturbo.com.co\/index.php\/wp-json\/wp\/v2\/product_brand?post=3110"},{"taxonomy":"product_cat","embeddable":true,"href":"https:\/\/rgturbo.com.co\/index.php\/wp-json\/wp\/v2\/product_cat?post=3110"},{"taxonomy":"product_tag","embeddable":true,"href":"https:\/\/rgturbo.com.co\/index.php\/wp-json\/wp\/v2\/product_tag?post=3110"}],"curies":[{"name":"wp","href":"https:\/\/api.w.org\/{rel}","templated":true}]}}