{"id":3875,"date":"2026-05-11T20:50:36","date_gmt":"2026-05-11T20:50:36","guid":{"rendered":"https:\/\/rgturbo.com.co\/?page_id=3875"},"modified":"2026-05-11T20:59:31","modified_gmt":"2026-05-11T20:59:31","slug":"servicios","status":"publish","type":"page","link":"https:\/\/rgturbo.com.co\/index.php\/servicios\/","title":{"rendered":"Servicios"},"content":{"rendered":"\n<p>Servicio t\u00e9cnico para carritos el\u00e9ctricos montables a bateria, mantenimiento de patinetas electricas, mantenimiento para motos electricas y creacion de automatas y proyectos estudiantiles.<\/p>\n\n\n\n<h4 class=\"wp-block-heading\">repuestos para carros electricos montables a bateria en Bogota<\/h4>\n\n\n\n<p>Repuestos y arreglo de carros para ni\u00f1os y ni\u00f1as, mantenimiento de carritos electricos de bateria, pedales, motores, tarjetas y mas. <strong><a href=\"https:\/\/rgturbo.com.co\/index.php\/contact\/\" data-type=\"page\" data-id=\"3475\">PEDIR INFORMACION<\/a><\/strong><\/p>\n\n\n\n<h4 class=\"wp-block-heading\">Mantenimiento arreglo de carros montables electricos de bateria para ni\u00f1os<\/h4>\n\n\n\n<p>Reparacion de autos electricos montables para ni\u00f1os, patinetas electricas, venta de repuestos cargadores, baterias, motores. Servicio a domicilio, cambio de baterias 6 y 12 voltios, reparacion y mantenimiento, cambio de repuestos, cableado y mas, arreglo de carros el\u00e9ctricos montables en Bogota. <strong><a href=\"https:\/\/rgturbo.com.co\/index.php\/contact\/\" data-type=\"page\" data-id=\"3475\">PEDIR INFORMACION<\/a><\/strong><\/p>\n\n\n\n<h4 class=\"wp-block-heading\">Mantenimiento y arreglo de motos electricas para ni\u00f1os en Bogot\u00e1<\/h4>\n\n\n\n<p>Arreglo de motos electricas de bater\u00eda a domicilio, cambio de repuestos, reparaci\u00f3n de juguetes montables el\u00e9ctricos, venta de bater\u00edas, motores y mas. <strong><a href=\"https:\/\/rgturbo.com.co\/index.php\/contact\/\" data-type=\"page\" data-id=\"3475\">PEDIR INFORMACION<\/a><\/strong><\/p>\n\n\n\n<h4 class=\"wp-block-heading\">Bater\u00eda 6 voltios 7 amperios para carros montables de ni\u00f1os<\/h4>\n\n\n\n<p>Venta de bater\u00edas para carros el\u00e9ctricos montables de ni\u00f1os, 12 y 6 voltios, repuestos y arreglo de carros montables, servicio a domicilio en Bogot\u00e1, env\u00edos. <strong><a href=\"https:\/\/rgturbo.com.co\/index.php\/contact\/\" data-type=\"page\" data-id=\"3475\">PEDIR INFORMACION<\/a><\/strong><\/p>\n\n\n\n<h4 class=\"wp-block-heading\">Reparacion de carros montables electricos en Fusagasug\u00e1<\/h4>\n\n\n\n<p>Arreglo de carros de ni\u00f1os, baterias y repuestos, peg perego, prinsel, fisher price y otras marcas, servicio a domicilio en Fusagasuga. <strong><a href=\"https:\/\/rgturbo.com.co\/index.php\/contact\/\" data-type=\"page\" data-id=\"3475\">PEDIR INFORMACION<\/a><\/strong><\/p>\n\n\n\n<h4 class=\"wp-block-heading\">Bateria de 6v recargable para carros montables para ni\u00f1os y ni\u00f1as<\/h4>\n\n\n\n<p>Baterias de 6v 7ah y 4ah para carros y motos montables recargables para ni\u00f1os, reparacion y mantenimiento de autos a bateria, servicio a domicilio en Bogota y otras ciudades. <strong><a href=\"https:\/\/rgturbo.com.co\/index.php\/contact\/\" data-type=\"page\" data-id=\"3475\">PEDIR INFORMACION<\/a><\/strong><\/p>\n\n\n\n<h4 class=\"wp-block-heading\">Reparaci\u00f3n de autos montables a bater\u00eda Bogota<\/h4>\n\n\n\n<p>Mantenimiento y arreglo de carros el\u00e9ctricos montables de bateria para ni\u00f1as y ni\u00f1os, venta de bater\u00edas y repuestos, servicio a domicilio en Bogot\u00e1. <strong><a href=\"https:\/\/rgturbo.com.co\/index.php\/contact\/\" data-type=\"page\" data-id=\"3475\">PEDIR INFORMACION<\/a><\/strong><\/p>\n\n\n\n<h4 class=\"wp-block-heading\">Reparacion de motos electricas en Bogota<\/h4>\n\n\n\n<p>Reparacion de motos el\u00e9ctricas a domicilio, revision, mantenimiento, cambio de baterias y repuestos. <strong><a href=\"https:\/\/rgturbo.com.co\/index.php\/contact\/\" data-type=\"page\" data-id=\"3475\">PEDIR INFORMACION<\/a><\/strong><\/p>\n\n\n\n<h4 class=\"wp-block-heading\">Reparacion de patinetas electricas scooter en Bogota<\/h4>\n\n\n\n<p>Revision, mantenimiento, cambio de repuestos y mas, servicio a domicilio en Bogota. <strong><a href=\"https:\/\/rgturbo.com.co\/index.php\/contact\/\" data-type=\"page\" data-id=\"3475\">PEDIR INFORMACION<\/a><\/strong><\/p>\n\n\n\n<h4 class=\"wp-block-heading\">donde arreglan carros electricos para ni\u00f1os<\/h4>\n\n\n\n<p>Arreglamos toda clase de carros electricos y motos electricas montables para ni\u00f1os y ni\u00f1as, venta de repuestos, baterias recargables, control remoto y mas. <strong><a href=\"https:\/\/rgturbo.com.co\/index.php\/contact\/\" data-type=\"page\" data-id=\"3475\">PEDIR INFORMACION<\/a><\/strong><\/p>\n","protected":false},"excerpt":{"rendered":"<p>Servicio t\u00e9cnico para carritos el\u00e9ctricos montables a bateria, mantenimiento de patinetas electricas, mantenimiento para motos electricas y creacion de automatas y proyectos estudiantiles. repuestos para carros electricos montables a bateria en Bogota Repuestos y arreglo de carros para ni\u00f1os y ni\u00f1as, mantenimiento de carritos electricos de bateria, pedales, motores, tarjetas y mas. PEDIR INFORMACION Mantenimiento &hellip; <\/p>\n<p class=\"link-more\"><a href=\"https:\/\/rgturbo.com.co\/index.php\/servicios\/\" class=\"more-link\">Continue reading<span class=\"screen-reader-text\"> \u00abServicios\u00bb<\/span><\/a><\/p>\n","protected":false},"author":1,"featured_media":0,"parent":0,"menu_order":0,"comment_status":"closed","ping_status":"closed","template":"","meta":{"_monsterinsights_skip_tracking":false,"_monsterinsights_sitenote_active":false,"_monsterinsights_sitenote_note":"","_monsterinsights_sitenote_category":0,"_uf_show_specific_survey":0,"_uf_disable_surveys":false,"footnotes":""},"class_list":["post-3875","page","type-page","status-publish","hentry"],"_links":{"self":[{"href":"https:\/\/rgturbo.com.co\/index.php\/wp-json\/wp\/v2\/pages\/3875","targetHints":{"allow":["GET"]}}],"collection":[{"href":"https:\/\/rgturbo.com.co\/index.php\/wp-json\/wp\/v2\/pages"}],"about":[{"href":"https:\/\/rgturbo.com.co\/index.php\/wp-json\/wp\/v2\/types\/page"}],"author":[{"embeddable":true,"href":"https:\/\/rgturbo.com.co\/index.php\/wp-json\/wp\/v2\/users\/1"}],"replies":[{"embeddable":true,"href":"https:\/\/rgturbo.com.co\/index.php\/wp-json\/wp\/v2\/comments?post=3875"}],"version-history":[{"count":3,"href":"https:\/\/rgturbo.com.co\/index.php\/wp-json\/wp\/v2\/pages\/3875\/revisions"}],"predecessor-version":[{"id":3880,"href":"https:\/\/rgturbo.com.co\/index.php\/wp-json\/wp\/v2\/pages\/3875\/revisions\/3880"}],"wp:attachment":[{"href":"https:\/\/rgturbo.com.co\/index.php\/wp-json\/wp\/v2\/media?parent=3875"}],"curies":[{"name":"wp","href":"https:\/\/api.w.org\/{rel}","templated":true}]}}